{"id":1010,"date":"2022-06-15T09:38:52","date_gmt":"2022-06-15T07:38:52","guid":{"rendered":"https:\/\/winterbergh.fw3.no\/?page_id=1010"},"modified":"2025-11-12T09:48:13","modified_gmt":"2025-11-12T08:48:13","slug":"vilkar-bedrift","status":"publish","type":"page","link":"https:\/\/watercircles.no\/winterbergh\/bedrift\/vilkar-bedrift\/","title":{"rendered":"Forsikringsvilk\u00e5r Bedrift"},"content":{"rendered":"\n\n\t<section class=\"section\" id=\"section_1436135363\">\n\t\t<div class=\"section-bg fill\" >\n\t\t\t\t\t\t\t\t\t\n\t\t\t\n\n\t\t<\/div>\n\n\t\t\n\n\t\t<div class=\"section-content relative\">\n\t\t\t\n\n\t<div id=\"gap-950624174\" class=\"gap-element clearfix\" style=\"display:block; height:auto;\">\n\t\t\n<style>\n#gap-950624174 {\n  padding-top: 0px;\n}\n@media (min-width:550px) {\n  #gap-950624174 {\n    padding-top: 40px;\n  }\n}\n<\/style>\n\t<\/div>\n\t\n\n<div class=\"row align-center\"  id=\"row-1933504146\">\n\n\n\t<div id=\"col-899080449\" class=\"col medium-10 small-11 large-8\"  >\n\t\t\t\t<div class=\"col-inner text-left\"  >\n\t\t\t\n\t\t\t\n\n<div class=\"is-divider divider clearfix\" style=\"max-width:70px;background-color:rgb(236, 161, 84);\"><\/div>\n\n\t<div id=\"text-3403786222\" class=\"text\">\n\t\t\n\n<h1 style=\"text-align: left;\"><span style=\"font-size: 100%;\">Forsikringsvilk\u00e5r Bedrift<\/span><\/h1>\n\t\t\n<style>\n#text-3403786222 {\n  font-size: 1.1rem;\n}\n@media (min-width:550px) {\n  #text-3403786222 {\n    font-size: 1.2rem;\n  }\n}\n@media (min-width:850px) {\n  #text-3403786222 {\n    font-size: 1.5rem;\n  }\n}\n<\/style>\n\t<\/div>\n\t\n\t<div id=\"gap-1507643938\" class=\"gap-element clearfix\" style=\"display:block; height:auto;\">\n\t\t\n<style>\n#gap-1507643938 {\n  padding-top: 30px;\n}\n<\/style>\n\t<\/div>\n\t\n\n<h2>Hvorfor m\u00e5 vi ha vilk\u00e5r?<\/h2>\n<p>Det var en gang det \u00e5 bli forsikret var et partnerskap p\u00e5 liv og eksistens, som krevde stor gjensidig respekt. Forsikringen var et skjebnefellesskap basert p\u00e5 filosofien om at det var bedre \u00e5 st\u00e5 sammen om \u00e5 dele risiko.<\/p>\n<p>Denne form for forsikring var gjeldende helt fra oldtidens Mesopotamia og frem til 1800-tallets England. Da oppstod den moderne forsikring, som ble noe man handlet med og investerte i. P\u00e5 denne m\u00e5ten forsvant ogs\u00e5 sammenhengen mellom risikoens dekning og menneskene bak. Forsikring ble ganske enkelt til noe som kunne gj\u00f8res opp med penger, og erstatning var ikke lenger et sp\u00f8rsm\u00e5l om hjelp.<\/p>\n<p>I stedet ble det et sp\u00f8rsm\u00e5l om \u00e5 f\u00e5 mest mulig ut av situasjonen i forhold til det man hadde betalt gjennom \u00e5rene. Forsikring mistet kontakten med sin opprinnelse og ble etter hvert til noe de f\u00e6rreste tenker s\u00e5 mye over. I overgangen fra \u00e5 v\u00e6re partnerskap til \u00e5 bli en hyllevare, forsvant ogs\u00e5 et av forsikringens fineste kjennetegn; Den uskrevne overenskomst om at erstatning ikke bare kan gj\u00f8res opp i penger, men at det mest av alt gjelder \u00e5 hjelpe hverandre og begrense skaden n\u00e5r den inntreffer.<\/p>\n<p>Selv om vi i Winterbergh mener at den mest moderne forsikring i verden skal bygge p\u00e5 disse opprinnelige ideer m\u00e5 vi ha vilk\u00e5r. Vilk\u00e5r er en bekreftelse p\u00e5 avtalens innhold, og vi anbefaler at du leser de i sammenheng med dine forsikringsbevis.<\/p>\n<p>\u00d8nsker du tilgang til tidligere versjoner av dine vilk\u00e5r, kontakt din r\u00e5dgiver.<\/p>\n<p>Fra 1. januar 2025 vil forsikringsvilk\u00e5rene for Winterbergh Forsikring bli sl\u00e5tt sammen med vilk\u00e5rene for WaterCircles Forsikring. Selv om de to merkevarene har hatt ulike grafiske profiler i mange \u00e5r, har forsikringsvilk\u00e5renes innhold v\u00e6rt likt. I forbindelse med endringen vil Winterberghs toppdekning, Winterline, endre navn til Elite.<\/p>\n\t<div id=\"gap-143290515\" class=\"gap-element clearfix\" style=\"display:block; height:auto;\">\n\t\t\n<style>\n#gap-143290515 {\n  padding-top: 30px;\n}\n<\/style>\n\t<\/div>\n\t\n\n<div class=\"row\"  id=\"row-2136042702\">\n\n\n\t<div id=\"col-1347888861\" class=\"col small-12 large-12\"  >\n\t\t\t\t<div class=\"col-inner\"  >\n\t\t\t\n\t\t\t\n\n<span class=\"scroll-to\" data-label=\"Scroll to: #generelle\" data-bullet=\"false\" data-link=\"#generelle\" data-title=\"generelle\"><a name=\"generelle\"><\/a><\/span>\n\n\t<div id=\"gap-2133567614\" class=\"gap-element clearfix\" style=\"display:block; height:auto;\">\n\t\t\n<style>\n#gap-2133567614 {\n  padding-top: 30px;\n}\n<\/style>\n\t<\/div>\n\t\n\n<h2>Vilk\u00e5r<\/h2>\n<h3>Generelle vilk\u00e5r<\/h3>\n<p><a href=\"https:\/\/watercircles.no\/winterbergh\/wp-content\/uploads\/2025\/11\/Generelle-vilkar-WtCGEN-1-8.pdf\">Generelle vilk\u00e5r WTCGEN<\/a><\/p>\n<span class=\"scroll-to\" data-label=\"Scroll to: #personforsikringer\" data-bullet=\"false\" data-link=\"#personforsikringer\" data-title=\"personforsikringer\"><a name=\"personforsikringer\"><\/a><\/span>\n\n\t<div id=\"gap-445730129\" class=\"gap-element clearfix\" style=\"display:block; height:auto;\">\n\t\t\n<style>\n#gap-445730129 {\n  padding-top: 30px;\n}\n<\/style>\n\t<\/div>\n\t\n\n<h3>Person<\/h3>\n<p><a href=\"https:\/\/watercircles.no\/winterbergh\/wp-content\/uploads\/2022\/11\/Fritidsulykke-WFRI-1-3.pdf\">Fritidsulykke WFRI<\/a><\/p>\n<p><a href=\"https:\/\/watercircles.no\/winterbergh\/wp-content\/uploads\/2023\/11\/Gruppeliv-for-bedrifter-WGRU-1-9.pdf\">Gruppeliv WGRU<\/a><\/p>\n<p><a href=\"https:\/\/watercircles.no\/winterbergh\/wp-content\/uploads\/2022\/11\/Kollektiv-ulykkesforsikring-WKUL-1-5.pdf\">Kollektiv ulykkesforsikring WKUL<\/a><\/p>\n<p><a href=\"https:\/\/watercircles.no\/winterbergh\/wp-content\/uploads\/2022\/11\/Personalforsikring-WPER-1-3.pdf\">Personalforsikring WPER<\/a><\/p>\n<p><a href=\"https:\/\/watercircles.no\/winterbergh\/wp-content\/uploads\/2025\/11\/Reise-WtCREI-1-7.pdf\">Reise WtCREI<\/a><\/p>\n<p><a href=\"https:\/\/watercircles.no\/winterbergh\/wp-content\/uploads\/2023\/11\/Sykeavbrudd-WSYA-1-5.pdf\">Sykeavbrudd WSYA<\/a><\/p>\n<p><a href=\"https:\/\/watercircles.no\/winterbergh\/wp-content\/uploads\/2022\/11\/Sykelonn-WSYL-1-3.pdf\">Sykel\u00f8nn WSYL<\/a><\/p>\n<p><a href=\"https:\/\/watercircles.no\/winterbergh\/wp-content\/uploads\/2022\/11\/Yrkesskade-WYSS-1-4.pdf\">Yrkesskade WYSS<\/a><\/p>\n<p><a href=\"https:\/\/watercircles.no\/winterbergh\/wp-content\/uploads\/2025\/11\/Helse-Super-Norsk-19.09.25.pdf\">Vertikal Helseforsikring<\/a><\/p>\n<span class=\"scroll-to\" data-label=\"Scroll to: #bygning\" data-bullet=\"false\" data-link=\"#bygning\" data-title=\"bygning\"><a name=\"bygning\"><\/a><\/span>\n\n\t<div id=\"gap-1633326143\" class=\"gap-element clearfix\" style=\"display:block; height:auto;\">\n\t\t\n<style>\n#gap-1633326143 {\n  padding-top: 30px;\n}\n<\/style>\n\t<\/div>\n\t\n\n<h3>Bygning og Eiendeler<\/h3>\n<p><a href=\"https:\/\/watercircles.no\/winterbergh\/wp-content\/uploads\/2023\/11\/Bedriftsforsikring-WBED-1-7.pdf\">Bedriftsforsikring WBED<\/a><\/p>\n<p><a href=\"https:\/\/watercircles.no\/winterbergh\/wp-content\/uploads\/2025\/11\/Borettslag-Boligsameieforsikring-WtCBRL-1-7.pdf\">Borettslag Boligsameieforsikring WtCBRL<\/a><\/p>\n<p><a href=\"https:\/\/watercircles.no\/winterbergh\/wp-content\/uploads\/2022\/11\/Kombinert-industriavbruddsforsikring-WIAV-1-4.pdf\">Kombinert industriavbruddsforsikring WIAV<\/a><\/p>\n<p><a href=\"https:\/\/watercircles.no\/winterbergh\/wp-content\/uploads\/2023\/11\/Kombinert-industriforsikring-WIND-1-6.pdf\">Kombinert industriforsikring WIND<\/a><\/p>\n<p><a href=\"https:\/\/watercircles.no\/winterbergh\/wp-content\/uploads\/2022\/11\/Maskinavbrudd-WMAV-1-3.pdf\">Maskinavbrudd WMAV<\/a><\/p>\n<p><a href=\"https:\/\/watercircles.no\/winterbergh\/wp-content\/uploads\/2022\/11\/Maskinforsikring-WMAS-1-3.pdf\">Maskinforsikring WMAS<\/a><\/p>\n<p><a href=\"https:\/\/watercircles.no\/winterbergh\/wp-content\/uploads\/2022\/06\/naturskade-wnat-1-2.pdf\" target=\"_blank\" rel=\"noopener\">Naturskade WTCNAT<\/a><\/p>\n<p><a href=\"https:\/\/watercircles.no\/winterbergh\/wp-content\/uploads\/2025\/11\/Naeringsbyggforsikring-WtCNBY-1-8.pdf\">N\u00e6ringsbyggforsikring WTCNBY<\/a><\/p>\n<p><a href=\"https:\/\/watercircles.no\/winterbergh\/wp-content\/uploads\/2023\/11\/Prosjekt-Kombinert-Entreprenorforsikring-WPRO-1-4.pdf\">Prosjekt Kombinert Entrepren\u00f8rforsikring WPRO<\/a><\/p>\n<p><a href=\"https:\/\/watercircles.no\/winterbergh\/wp-content\/uploads\/2022\/11\/Verdisak-naering-WVER-1-3.pdf\">Verdisak n\u00e6ring WVER<\/a><\/p>\n<span class=\"scroll-to\" data-label=\"Scroll to: #kjoretoy\" data-bullet=\"false\" data-link=\"#kjoretoy\" data-title=\"kjoretoy\"><a name=\"kjoretoy\"><\/a><\/span>\n\n\t<div id=\"gap-825368066\" class=\"gap-element clearfix\" style=\"display:block; height:auto;\">\n\t\t\n<style>\n#gap-825368066 {\n  padding-top: 30px;\n}\n<\/style>\n\t<\/div>\n\t\n\n<h3>Kj\u00f8ret\u00f8y<\/h3>\n<p><a href=\"https:\/\/watercircles.no\/winterbergh\/wp-content\/uploads\/2022\/11\/Arbeidsmaskin-WARM-1-5.pdf\">Arbeidsmaskin WARM<\/a><\/p>\n<p><a href=\"https:\/\/watercircles.no\/winterbergh\/wp-content\/uploads\/2025\/11\/Naeringsbilforsikring-WtCNBL-1-13.pdf\">N\u00e6ringsbilforsikring WTCNBL<\/a><\/p>\n<p><a href=\"https:\/\/watercircles.no\/winterbergh\/wp-content\/uploads\/2022\/12\/Winterbergh-AnsvarSmaelektriskeKjoretoy-vilkar-WBSMA-1.00-01.01.23.pdf\">Sm\u00e5 elektriske kj\u00f8ret\u00f8y<\/a><\/p>\n<p><a href=\"https:\/\/watercircles.no\/winterbergh\/wp-content\/uploads\/2025\/11\/Storbil-WtCSTB-1-10.pdf\">Storbil WTCSTB<\/a><\/p>\n<p><a href=\"https:\/\/watercircles.no\/winterbergh\/wp-content\/uploads\/2024\/02\/Tilhenger-WTIL-1-4.pdf\">Tilhenger WTIL <\/a><\/p>\n<p><a href=\"https:\/\/watercircles.no\/winterbergh\/wp-content\/uploads\/2025\/11\/Veterankjoretoy-WtCVET-1-8.pdf\">Veterankj\u00f8ret\u00f8y WTCVET<\/a><\/p>\n<p>\u00a0<\/p>\n<span class=\"scroll-to\" data-label=\"Scroll to: #ansvar\" data-bullet=\"false\" data-link=\"#ansvar\" data-title=\"ansvar\"><a name=\"ansvar\"><\/a><\/span>\n\n\t<div id=\"gap-1658398838\" class=\"gap-element clearfix\" style=\"display:block; height:auto;\">\n\t\t\n<style>\n#gap-1658398838 {\n  padding-top: 30px;\n}\n<\/style>\n\t<\/div>\n\t\n\n<h3>Ansvar<\/h3>\n<p><a href=\"https:\/\/watercircles.no\/winterbergh\/wp-content\/uploads\/2023\/11\/Ansvar-WANS-1-4.pdf\" data-wplink-edit=\"true\">Ansvar WANS<\/a><\/p>\n<p><a href=\"https:\/\/watercircles.no\/winterbergh\/wp-content\/uploads\/2023\/11\/Ansvar-for-behandlere-i-helsesektoren-WBIH-1-4.pdf\">Ansvar for behandlere i helsesektoren WBIH<\/a><\/p>\n<p><a href=\"https:\/\/watercircles.no\/winterbergh\/wp-content\/uploads\/2023\/11\/Ansvar-for-bygge-og-anleggsbransjen-WABA-1-5.pdf\">Ansvar for bygge-og anleggsbransjen WABA<\/a><\/p>\n<p><a href=\"https:\/\/watercircles.no\/winterbergh\/wp-content\/uploads\/2023\/11\/Ansvar-for-radgivende-ingeniorer-og-arkitekter-WARI-1-4.pdf\">Ansvar for r\u00e5dgivende ingeni\u00f8rer og arkitekter WARI<\/a><\/p>\n<p><a href=\"https:\/\/watercircles.no\/winterbergh\/wp-content\/uploads\/2023\/11\/Ansvar-for-styremedlemmer-og-administrerende-direktor-WAST-1-4.pdf\">Ansvar for styremedlemmer og administrerende direkt\u00f8r WAST<\/a><\/p>\n<p><a href=\"https:\/\/watercircles.no\/winterbergh\/wp-content\/uploads\/2022\/11\/Byggherreansvar-inkludert-graving-sprengning-m-v-WABI-1-3.pdf\">Byggherreansvar inkludert graving sprengning WABI<\/a><\/p>\n<p><a href=\"https:\/\/watercircles.no\/winterbergh\/wp-content\/uploads\/2022\/11\/Byggherreansvar-uten-graving-spregning-m-v-WABU-1-3.pdf\">Byggherreansvar uten graving spregning WABU<\/a><\/p>\n<p><a href=\"https:\/\/watercircles.no\/winterbergh\/wp-content\/uploads\/2022\/11\/Formueskade-WAFO-1-3.pdf\">Formueskade WAFO<\/a><\/p>\n<p><a href=\"https:\/\/watercircles.no\/winterbergh\/wp-content\/uploads\/2022\/11\/Underslag-WUND-1-3.pdf\">Underslag WUND<\/a><\/p>\n<span class=\"scroll-to\" data-label=\"Scroll to: #transport\" data-bullet=\"false\" data-link=\"#transport\" data-title=\"transport\"><a name=\"transport\"><\/a><\/span>\n\n\t<div id=\"gap-392257555\" class=\"gap-element clearfix\" style=\"display:block; height:auto;\">\n\t\t\n<style>\n#gap-392257555 {\n  padding-top: 30px;\n}\n<\/style>\n\t<\/div>\n\t\n\n<h3>Transport<\/h3>\n<p><a href=\"https:\/\/watercircles.no\/winterbergh\/wp-content\/uploads\/2024\/11\/Transportforsikring-av-varer-WtCTRA-1-4.pdf\">Transportforsikring av varer WTCTRA<\/a><\/p>\n<span class=\"scroll-to\" data-label=\"Scroll to: #fornyelsesbrev\" data-bullet=\"false\" data-link=\"#fornyelsesbrev\" data-title=\"fornyelsesbrev\"><a name=\"fornyelsesbrev\"><\/a><\/span>\n\n\t<div id=\"gap-1599572820\" class=\"gap-element clearfix\" style=\"display:block; height:auto;\">\n\t\t\n<style>\n#gap-1599572820 {\n  padding-top: 80px;\n}\n<\/style>\n\t<\/div>\n\t\n\n<h2>Fornyelse og vilk\u00e5rsbrev<\/h2>\n<p><a href=\"https:\/\/watercircles.no\/winterbergh\/wp-content\/uploads\/2025\/11\/Fornyelsesbrev-Watercircles-CL-01.01.2026.pdf\">Fornyelsesbrev 01.01.2026<\/a><\/p>\n\n\t\t<\/div>\n\t\t\t\t\t<\/div>\n\n\t\n\n<\/div>\n\n\t\t<\/div>\n\t\t\t\t\t<\/div>\n\n\t\n\n<\/div>\n\n\t\t<\/div>\n\n\t\t\n<style>\n#section_1436135363 {\n  padding-top: 31px;\n  padding-bottom: 31px;\n}\n@media (min-width:550px) {\n  #section_1436135363 {\n    padding-top: 80px;\n    padding-bottom: 80px;\n  }\n}\n<\/style>\n\t<\/section>\n\t\n\n","protected":false},"excerpt":{"rendered":"","protected":false},"author":1,"featured_media":0,"parent":407,"menu_order":0,"comment_status":"closed","ping_status":"closed","template":"page-blank.php","meta":{"footnotes":""},"class_list":["post-1010","page","type-page","status-publish","hentry"],"yoast_head":"<!-- This site is optimized with the Yoast SEO plugin v27.3 - https:\/\/yoast.com\/product\/yoast-seo-wordpress\/ -->\n<title>Forsikringsvilk\u00e5r Bedrift ~ Winterbergh by WaterCircles<\/title>\n<meta name=\"robots\" content=\"index, follow, max-snippet:-1, max-image-preview:large, max-video-preview:-1\" \/>\n<link rel=\"canonical\" href=\"https:\/\/watercircles.no\/winterbergh\/bedrift\/vilkar-bedrift\/\" \/>\n<meta property=\"og:locale\" content=\"nb_NO\" \/>\n<meta property=\"og:type\" content=\"article\" \/>\n<meta property=\"og:title\" content=\"Forsikringsvilk\u00e5r Bedrift ~ Winterbergh by WaterCircles\" \/>\n<meta property=\"og:url\" content=\"https:\/\/watercircles.no\/winterbergh\/bedrift\/vilkar-bedrift\/\" \/>\n<meta property=\"og:site_name\" content=\"Winterbergh by WaterCircles\" \/>\n<meta property=\"article:modified_time\" content=\"2025-11-12T08:48:13+00:00\" \/>\n<meta name=\"twitter:card\" content=\"summary_large_image\" \/>\n<meta name=\"twitter:label1\" content=\"Ansl. lesetid\" \/>\n\t<meta name=\"twitter:data1\" content=\"3 minutter\" \/>\n<script type=\"application\/ld+json\" class=\"yoast-schema-graph\">{\"@context\":\"https:\\\/\\\/schema.org\",\"@graph\":[{\"@type\":\"WebPage\",\"@id\":\"https:\\\/\\\/watercircles.no\\\/winterbergh\\\/bedrift\\\/vilkar-bedrift\\\/\",\"url\":\"https:\\\/\\\/watercircles.no\\\/winterbergh\\\/bedrift\\\/vilkar-bedrift\\\/\",\"name\":\"Forsikringsvilk\u00e5r Bedrift ~ Winterbergh by WaterCircles\",\"isPartOf\":{\"@id\":\"https:\\\/\\\/watercircles.no\\\/winterbergh\\\/#website\"},\"datePublished\":\"2022-06-15T07:38:52+00:00\",\"dateModified\":\"2025-11-12T08:48:13+00:00\",\"breadcrumb\":{\"@id\":\"https:\\\/\\\/watercircles.no\\\/winterbergh\\\/bedrift\\\/vilkar-bedrift\\\/#breadcrumb\"},\"inLanguage\":\"nb-NO\",\"potentialAction\":[{\"@type\":\"ReadAction\",\"target\":[\"https:\\\/\\\/watercircles.no\\\/winterbergh\\\/bedrift\\\/vilkar-bedrift\\\/\"]}]},{\"@type\":\"BreadcrumbList\",\"@id\":\"https:\\\/\\\/watercircles.no\\\/winterbergh\\\/bedrift\\\/vilkar-bedrift\\\/#breadcrumb\",\"itemListElement\":[{\"@type\":\"ListItem\",\"position\":1,\"name\":\"Hjem\",\"item\":\"https:\\\/\\\/watercircles.no\\\/winterbergh\\\/\"},{\"@type\":\"ListItem\",\"position\":2,\"name\":\"Bedrift\",\"item\":\"https:\\\/\\\/watercircles.no\\\/winterbergh\\\/bedrift\\\/\"},{\"@type\":\"ListItem\",\"position\":3,\"name\":\"Forsikringsvilk\u00e5r Bedrift\"}]},{\"@type\":\"WebSite\",\"@id\":\"https:\\\/\\\/watercircles.no\\\/winterbergh\\\/#website\",\"url\":\"https:\\\/\\\/watercircles.no\\\/winterbergh\\\/\",\"name\":\"Winterbergh by WaterCircles\",\"description\":\"\u00abBy Invitation\u00bb program for spesielt inviterte kunder og bedrifter\",\"publisher\":{\"@id\":\"https:\\\/\\\/watercircles.no\\\/winterbergh\\\/#organization\"},\"potentialAction\":[{\"@type\":\"SearchAction\",\"target\":{\"@type\":\"EntryPoint\",\"urlTemplate\":\"https:\\\/\\\/watercircles.no\\\/winterbergh\\\/?s={search_term_string}\"},\"query-input\":{\"@type\":\"PropertyValueSpecification\",\"valueRequired\":true,\"valueName\":\"search_term_string\"}}],\"inLanguage\":\"nb-NO\"},{\"@type\":\"Organization\",\"@id\":\"https:\\\/\\\/watercircles.no\\\/winterbergh\\\/#organization\",\"name\":\"Winterbergh by WaterCircles\",\"url\":\"https:\\\/\\\/watercircles.no\\\/winterbergh\\\/\",\"logo\":{\"@type\":\"ImageObject\",\"inLanguage\":\"nb-NO\",\"@id\":\"https:\\\/\\\/watercircles.no\\\/winterbergh\\\/#\\\/schema\\\/logo\\\/image\\\/\",\"url\":\"https:\\\/\\\/watercircles.no\\\/winterbergh\\\/wp-content\\\/uploads\\\/2022\\\/05\\\/Winterbergh-WaterCircles-logo-svart-liggende-.png\",\"contentUrl\":\"https:\\\/\\\/watercircles.no\\\/winterbergh\\\/wp-content\\\/uploads\\\/2022\\\/05\\\/Winterbergh-WaterCircles-logo-svart-liggende-.png\",\"width\":982,\"height\":253,\"caption\":\"Winterbergh by WaterCircles\"},\"image\":{\"@id\":\"https:\\\/\\\/watercircles.no\\\/winterbergh\\\/#\\\/schema\\\/logo\\\/image\\\/\"}}]}<\/script>\n<!-- \/ Yoast SEO plugin. -->","yoast_head_json":{"title":"Forsikringsvilk\u00e5r Bedrift ~ Winterbergh by WaterCircles","robots":{"index":"index","follow":"follow","max-snippet":"max-snippet:-1","max-image-preview":"max-image-preview:large","max-video-preview":"max-video-preview:-1"},"canonical":"https:\/\/watercircles.no\/winterbergh\/bedrift\/vilkar-bedrift\/","og_locale":"nb_NO","og_type":"article","og_title":"Forsikringsvilk\u00e5r Bedrift ~ Winterbergh by WaterCircles","og_url":"https:\/\/watercircles.no\/winterbergh\/bedrift\/vilkar-bedrift\/","og_site_name":"Winterbergh by WaterCircles","article_modified_time":"2025-11-12T08:48:13+00:00","twitter_card":"summary_large_image","twitter_misc":{"Ansl. lesetid":"3 minutter"},"schema":{"@context":"https:\/\/schema.org","@graph":[{"@type":"WebPage","@id":"https:\/\/watercircles.no\/winterbergh\/bedrift\/vilkar-bedrift\/","url":"https:\/\/watercircles.no\/winterbergh\/bedrift\/vilkar-bedrift\/","name":"Forsikringsvilk\u00e5r Bedrift ~ Winterbergh by WaterCircles","isPartOf":{"@id":"https:\/\/watercircles.no\/winterbergh\/#website"},"datePublished":"2022-06-15T07:38:52+00:00","dateModified":"2025-11-12T08:48:13+00:00","breadcrumb":{"@id":"https:\/\/watercircles.no\/winterbergh\/bedrift\/vilkar-bedrift\/#breadcrumb"},"inLanguage":"nb-NO","potentialAction":[{"@type":"ReadAction","target":["https:\/\/watercircles.no\/winterbergh\/bedrift\/vilkar-bedrift\/"]}]},{"@type":"BreadcrumbList","@id":"https:\/\/watercircles.no\/winterbergh\/bedrift\/vilkar-bedrift\/#breadcrumb","itemListElement":[{"@type":"ListItem","position":1,"name":"Hjem","item":"https:\/\/watercircles.no\/winterbergh\/"},{"@type":"ListItem","position":2,"name":"Bedrift","item":"https:\/\/watercircles.no\/winterbergh\/bedrift\/"},{"@type":"ListItem","position":3,"name":"Forsikringsvilk\u00e5r Bedrift"}]},{"@type":"WebSite","@id":"https:\/\/watercircles.no\/winterbergh\/#website","url":"https:\/\/watercircles.no\/winterbergh\/","name":"Winterbergh by WaterCircles","description":"\u00abBy Invitation\u00bb program for spesielt inviterte kunder og bedrifter","publisher":{"@id":"https:\/\/watercircles.no\/winterbergh\/#organization"},"potentialAction":[{"@type":"SearchAction","target":{"@type":"EntryPoint","urlTemplate":"https:\/\/watercircles.no\/winterbergh\/?s={search_term_string}"},"query-input":{"@type":"PropertyValueSpecification","valueRequired":true,"valueName":"search_term_string"}}],"inLanguage":"nb-NO"},{"@type":"Organization","@id":"https:\/\/watercircles.no\/winterbergh\/#organization","name":"Winterbergh by WaterCircles","url":"https:\/\/watercircles.no\/winterbergh\/","logo":{"@type":"ImageObject","inLanguage":"nb-NO","@id":"https:\/\/watercircles.no\/winterbergh\/#\/schema\/logo\/image\/","url":"https:\/\/watercircles.no\/winterbergh\/wp-content\/uploads\/2022\/05\/Winterbergh-WaterCircles-logo-svart-liggende-.png","contentUrl":"https:\/\/watercircles.no\/winterbergh\/wp-content\/uploads\/2022\/05\/Winterbergh-WaterCircles-logo-svart-liggende-.png","width":982,"height":253,"caption":"Winterbergh by WaterCircles"},"image":{"@id":"https:\/\/watercircles.no\/winterbergh\/#\/schema\/logo\/image\/"}}]}},"_links":{"self":[{"href":"https:\/\/watercircles.no\/winterbergh\/wp-json\/wp\/v2\/pages\/1010","targetHints":{"allow":["GET"]}}],"collection":[{"href":"https:\/\/watercircles.no\/winterbergh\/wp-json\/wp\/v2\/pages"}],"about":[{"href":"https:\/\/watercircles.no\/winterbergh\/wp-json\/wp\/v2\/types\/page"}],"author":[{"embeddable":true,"href":"https:\/\/watercircles.no\/winterbergh\/wp-json\/wp\/v2\/users\/1"}],"replies":[{"embeddable":true,"href":"https:\/\/watercircles.no\/winterbergh\/wp-json\/wp\/v2\/comments?post=1010"}],"version-history":[{"count":60,"href":"https:\/\/watercircles.no\/winterbergh\/wp-json\/wp\/v2\/pages\/1010\/revisions"}],"predecessor-version":[{"id":4192,"href":"https:\/\/watercircles.no\/winterbergh\/wp-json\/wp\/v2\/pages\/1010\/revisions\/4192"}],"up":[{"embeddable":true,"href":"https:\/\/watercircles.no\/winterbergh\/wp-json\/wp\/v2\/pages\/407"}],"wp:attachment":[{"href":"https:\/\/watercircles.no\/winterbergh\/wp-json\/wp\/v2\/media?parent=1010"}],"curies":[{"name":"wp","href":"https:\/\/api.w.org\/{rel}","templated":true}]}}