{"id":1012,"date":"2022-06-15T09:39:17","date_gmt":"2022-06-15T07:39:17","guid":{"rendered":"https:\/\/winterbergh.fw3.no\/?page_id=1012"},"modified":"2026-03-18T10:25:09","modified_gmt":"2026-03-18T09:25:09","slug":"vilkar","status":"publish","type":"page","link":"https:\/\/watercircles.no\/winterbergh\/privat\/vilkar\/","title":{"rendered":"Forsikringsvilk\u00e5r Privat"},"content":{"rendered":"\n\n\t<section class=\"section\" id=\"section_1119572235\">\n\t\t<div class=\"section-bg fill\" >\n\t\t\t\t\t\t\t\t\t\n\t\t\t\n\n\t\t<\/div>\n\n\t\t\n\n\t\t<div class=\"section-content relative\">\n\t\t\t\n\n\t<div id=\"gap-1824966530\" class=\"gap-element clearfix\" style=\"display:block; height:auto;\">\n\t\t\n<style>\n#gap-1824966530 {\n  padding-top: 0px;\n}\n@media (min-width:550px) {\n  #gap-1824966530 {\n    padding-top: 40px;\n  }\n}\n<\/style>\n\t<\/div>\n\t\n\n<div class=\"row align-center\"  id=\"row-1342348300\">\n\n\n\t<div id=\"col-2030541338\" class=\"col medium-10 small-11 large-8\"  >\n\t\t\t\t<div class=\"col-inner text-left\"  >\n\t\t\t\n\t\t\t\n\n<div class=\"is-divider divider clearfix\" style=\"max-width:70px;background-color:rgb(236, 161, 84);\"><\/div>\n\n\t<div id=\"text-4192445548\" class=\"text\">\n\t\t\n\n<h1 style=\"text-align: left;\"><span style=\"font-size: 100%;\">Forsikringsvilk\u00e5r Privat<\/span><\/h1>\n\t\t\n<style>\n#text-4192445548 {\n  font-size: 1.1rem;\n}\n@media (min-width:550px) {\n  #text-4192445548 {\n    font-size: 1.2rem;\n  }\n}\n@media (min-width:850px) {\n  #text-4192445548 {\n    font-size: 1.5rem;\n  }\n}\n<\/style>\n\t<\/div>\n\t\n\t<div id=\"gap-1919291657\" class=\"gap-element clearfix\" style=\"display:block; height:auto;\">\n\t\t\n<style>\n#gap-1919291657 {\n  padding-top: 30px;\n}\n<\/style>\n\t<\/div>\n\t\n\n<h2>Hvorfor m\u00e5 vi ha vilk\u00e5r?<\/h2>\n<p>Det var en gang det \u00e5 bli forsikret var et partnerskap p\u00e5 liv og eksistens, som krevde stor gjensidig respekt. Forsikringen var et skjebnefellesskap basert p\u00e5 filosofien om at det var bedre \u00e5 st\u00e5 sammen om \u00e5 dele risiko.<\/p>\n<p>Denne form for forsikring var gjeldende helt fra oldtidens Mesopotamia og frem til 1800-tallets England. Da oppstod den moderne forsikring, som ble noe man handlet med og investerte i. P\u00e5 denne m\u00e5ten forsvant ogs\u00e5 sammenhengen mellom risikoens dekning og menneskene bak. Forsikring ble ganske enkelt til noe som kunne gj\u00f8res opp med penger, og erstatning var ikke lenger et sp\u00f8rsm\u00e5l om hjelp.<\/p>\n<p>I stedet ble det et sp\u00f8rsm\u00e5l om \u00e5 f\u00e5 mest mulig ut av situasjonen i forhold til det man hadde betalt gjennom \u00e5rene. Forsikring mistet kontakten med sin opprinnelse og ble etter hvert til noe de f\u00e6rreste tenker s\u00e5 mye over. I overgangen fra \u00e5 v\u00e6re partnerskap til \u00e5 bli en hyllevare, forsvant ogs\u00e5 et av forsikringens fineste kjennetegn; Den uskrevne overenskomst om at erstatning ikke bare kan gj\u00f8res opp i penger, men at det mest av alt gjelder \u00e5 hjelpe hverandre og begrense skaden n\u00e5r den inntreffer.<\/p>\n<p>Selv om vi i Winterbergh by WaterCircles mener at den mest moderne forsikring i verden skal bygge p\u00e5 disse opprinnelige ideer m\u00e5 vi ha vilk\u00e5r. Vilk\u00e5r er en bekreftelse p\u00e5 avtalens innhold, og vi anbefaler at du leser de i sammenheng med dine forsikringsbevis.<\/p>\n<p>\u00d8nsker du tilgang til tidligere versjoner av dine vilk\u00e5r, kontakt din r\u00e5dgiver.<\/p>\n<p>1. januar 2025 ble forsikringsvilk\u00e5rene for Winterbergh Forsikring sl\u00e5tt sammen med vilk\u00e5rene for WaterCircles Forsikring. Selv om de to merkevarene har hatt ulike grafiske profiler i mange \u00e5r, har forsikringsvilk\u00e5renes innhold v\u00e6rt likt. I forbindelse med endringen ble Winterberghs toppdekning, Winterline, endret til Elite.<\/p>\n\t<div id=\"gap-1294877741\" class=\"gap-element clearfix\" style=\"display:block; height:auto;\">\n\t\t\n<style>\n#gap-1294877741 {\n  padding-top: 30px;\n}\n<\/style>\n\t<\/div>\n\t\n\n<div class=\"row\"  id=\"row-555362904\">\n\n\n\t<div id=\"col-921792430\" class=\"col small-12 large-12\"  >\n\t\t\t\t<div class=\"col-inner\"  >\n\t\t\t\n\t\t\t\n\n<span class=\"scroll-to\" data-label=\"Scroll to: #generelle\" data-bullet=\"false\" data-link=\"#generelle\" data-title=\"generelle\"><a name=\"generelle\"><\/a><\/span>\n\n\t<div id=\"gap-898145830\" class=\"gap-element clearfix\" style=\"display:block; height:auto;\">\n\t\t\n<style>\n#gap-898145830 {\n  padding-top: 30px;\n}\n<\/style>\n\t<\/div>\n\t\n\n<h2>Vilk\u00e5r<\/h2>\n<h3>Generelle<\/h3>\n<p><a href=\"https:\/\/watercircles.no\/winterbergh\/wp-content\/uploads\/2025\/11\/WaterCircles-Generelle-vilkar-WtCGEN-2.14-01.01.26.pdf\">Generelle- WtCGEN 2.14 &#8211; 01.01.26<\/a><\/p>\n<span class=\"scroll-to\" data-label=\"Scroll to: #personforsikringer\" data-bullet=\"false\" data-link=\"#personforsikringer\" data-title=\"personforsikringer\"><a name=\"personforsikringer\"><\/a><\/span>\n\n\t<div id=\"gap-546642868\" class=\"gap-element clearfix\" style=\"display:block; height:auto;\">\n\t\t\n<style>\n#gap-546642868 {\n  padding-top: 30px;\n}\n<\/style>\n\t<\/div>\n\t\n\n<h3>Personforsikringer<\/h3>\n<p><a href=\"https:\/\/watercircles.no\/winterbergh\/wp-content\/uploads\/2022\/11\/Winterbergh-Barneforsikring-vilkar-WBBAR-2.12-01.01.23.pdf\">Barneforsikring -WBBAR 2.12- 01.01.23<\/a><\/p>\n<p><a href=\"https:\/\/watercircles.no\/winterbergh\/wp-content\/uploads\/2022\/11\/Winterbergh-Liv-vilkar-WBLIV-2.12-01.01.23-1.pdf\">Livsforsikring- WBLIV 2.12- 01.01.23<\/a><\/p>\n<p><a href=\"https:\/\/watercircles.no\/winterbergh\/wp-content\/uploads\/2024\/11\/WaterCircles-Ulykke-vilkar-WtCULY-2.12-01.01.25.pdf\">Ulykke- WtCULY 2.12- 01.01.25<\/a><\/p>\n<span class=\"scroll-to\" data-label=\"Scroll to: #bygning\" data-bullet=\"false\" data-link=\"#bygning\" data-title=\"bygning\"><a name=\"bygning\"><\/a><\/span>\n\n\t<div id=\"gap-214382557\" class=\"gap-element clearfix\" style=\"display:block; height:auto;\">\n\t\t\n<style>\n#gap-214382557 {\n  padding-top: 30px;\n}\n<\/style>\n\t<\/div>\n\t\n\n<h3>Bygning<\/h3>\n<p><a href=\"https:\/\/watercircles.no\/winterbergh\/wp-content\/uploads\/2025\/12\/WaterCircles-Fritidsbolig-vilkar-WtCFRI-2.16-01.01.26.pdf\">Fritidsbolig- WtCFRI 2.16- 01.01.26<\/a><\/p>\n<p><a href=\"https:\/\/watercircles.no\/winterbergh\/wp-content\/uploads\/2025\/12\/WaterCircles-Villa-vilkar-WtCVIL-2.16-01.01.26.pdf\">Villa- WtCVIL 2.16- 01.01.26<\/a><\/p>\n<p><a href=\"https:\/\/watercircles.no\/winterbergh\/wp-content\/uploads\/2022\/11\/Winterbergh-Miljoextra-WBME-2.11-01.01.23-1.pdf\">Milj\u00f8extra- WBME 2.11- 01.01.23<\/a><\/p>\n<span class=\"scroll-to\" data-label=\"Scroll to: #eiendeler\" data-bullet=\"false\" data-link=\"#eiendeler\" data-title=\"eiendeler\"><a name=\"eiendeler\"><\/a><\/span>\n\n\t<div id=\"gap-1975692636\" class=\"gap-element clearfix\" style=\"display:block; height:auto;\">\n\t\t\n<style>\n#gap-1975692636 {\n  padding-top: 30px;\n}\n<\/style>\n\t<\/div>\n\t\n\n<h3>Eiendeler<\/h3>\n<p><a href=\"https:\/\/watercircles.no\/winterbergh\/wp-content\/uploads\/2025\/12\/WaterCircles-Innbo-og-losore-vilkar-WtCIBO-2.17-01.01.26.pdf\">Innbo og l\u00f8s\u00f8re- WtCIBO 2.17- 01.01.26<\/a><\/p>\n<p><a href=\"https:\/\/watercircles.no\/winterbergh\/wp-content\/uploads\/2025\/12\/WaterCircles-Innbo-og-losore-Fritidsbolig-vilkar-WtCIBF-1.05-01.01.2026.pdf\">Innbo og l\u00f8s\u00f8re fritidsbolig- WtCIBF 1.05- 01.01.26<\/a><\/p>\n<p><a style=\"font-size: 14.4px;\" href=\"https:\/\/watercircles.no\/winterbergh\/wp-content\/uploads\/2023\/11\/Winterbergh-Verdigjenstand-vilkar-WBVSK-2.12-01.01.24.pdf\">Verdigjenstand- WBVSK 2.12- 01.01.24<\/a><\/p>\n<span class=\"scroll-to\" data-label=\"Scroll to: #motorvogn\" data-bullet=\"false\" data-link=\"#motorvogn\" data-title=\"motorvogn\"><a name=\"motorvogn\"><\/a><\/span>\n\n\t<div id=\"gap-2121213332\" class=\"gap-element clearfix\" style=\"display:block; height:auto;\">\n\t\t\n<style>\n#gap-2121213332 {\n  padding-top: 30px;\n}\n<\/style>\n\t<\/div>\n\t\n\n<h3>Motorvogn<\/h3>\n<p><a href=\"https:\/\/watercircles.no\/winterbergh\/wp-content\/uploads\/2026\/02\/WaterCircles-Bil-vilkar-WtCBil-2.19-01.03.26.pdf\">Bil- WtCBIL 2.19- 01.03.26<\/a><\/p>\n<p><a href=\"https:\/\/watercircles.no\/winterbergh\/wp-content\/uploads\/2026\/02\/WaterCircles-Campingbil-vilkar-WtCCAB-2.19-01.03.26.pdf\">Campingbil- WtCCAB 2.19- 01.03.26<\/a><\/p>\n<p><a href=\"https:\/\/watercircles.no\/winterbergh\/wp-content\/uploads\/2026\/02\/WaterCircles-Campingvogn-vilkar-WtCCAV-2.19-01.03.26.pdf\">Campingvogn-WtCCAV 2.19- 01.03.26<\/a><\/p>\n<p><a href=\"https:\/\/watercircles.no\/winterbergh\/wp-content\/uploads\/2026\/02\/WaterCircles-Moped-vilkar-WtCMOP-2.19-01.03.26.pdf\">Moped- WtCMOP 2.19- 01.03.26<\/a><\/p>\n<p><a href=\"https:\/\/watercircles.no\/winterbergh\/wp-content\/uploads\/2026\/02\/WaterCircles-Motorsykkel-vilkar-WtCMC-2.19-01.03.26.pdf\">Motorsykkel- WtCMC 2.19- 01.03.26<\/a><\/p>\n<p><a href=\"https:\/\/watercircles.no\/winterbergh\/wp-content\/uploads\/2024\/11\/WaterCircles-AnsvarSmaelektriskeKjoretoy-vilkar-WtCMOP-1.01-01.01.25.pdf\">Sm\u00e5 elektriske kj\u00f8ret\u00f8y WtCSMA 1.01-01.01.25<\/a><\/p>\n<p><a href=\"https:\/\/watercircles.no\/winterbergh\/wp-content\/uploads\/2026\/02\/WaterCircles-Snoscooter-vilkar-WtCSNO-2.19-01.03.26.pdf\">Sn\u00f8scooter- WtCSN\u00d8 2.19- 01.03.26<\/a><\/p>\n<p><a href=\"https:\/\/watercircles.no\/winterbergh\/wp-content\/uploads\/2026\/02\/WaterCircles-Tilhenger-vilkar-WtCTIL-2.18-01.03.26.pdf\">Tilhenger- WtCTIL 2.18- 01.03.26<\/a><\/p>\n<p><a href=\"https:\/\/watercircles.no\/winterbergh\/wp-content\/uploads\/2026\/02\/WaterCircles-Traktor-vilkar-WtCTRA-2.19-01.03.26.pdf\">Traktor- WtCTRA 2.19- 01.03.26<\/a><\/p>\n<p><a href=\"https:\/\/watercircles.no\/winterbergh\/wp-content\/uploads\/2026\/02\/WaterCircles-Veteran-vilkar-WtCVET-2.19-01.03.26.pdf\">Veteran- WtCVET 2.19- 01.03.26<\/a><\/p>\n<p>\u00a0<\/p>\n<span class=\"scroll-to\" data-label=\"Scroll to: #ovrige\" data-bullet=\"false\" data-link=\"#ovrige\" data-title=\"ovrige\"><a name=\"ovrige\"><\/a><\/span>\n\n\t<div id=\"gap-96583276\" class=\"gap-element clearfix\" style=\"display:block; height:auto;\">\n\t\t\n<style>\n#gap-96583276 {\n  padding-top: 30px;\n}\n<\/style>\n\t<\/div>\n\t\n\n<h3>\u00d8vrige<\/h3>\n<p><a href=\"https:\/\/watercircles.no\/winterbergh\/wp-content\/uploads\/2025\/12\/WaterCircles-Fritidsbatvilkar-WtCBat-2.14-01.01.26.pdf\">Fritidsb\u00e5t- WtCB\u00c5T 2.14- 01.01.26<\/a><\/p>\n<p><a href=\"https:\/\/watercircles.no\/winterbergh\/wp-content\/uploads\/2024\/11\/WaterCircles-Husdyr-vilkar-WtCHUS-2.13-01.01.25.pdf\">Husdyr- WtCHUS 2.13- 01.01.25<\/a><\/p>\n<p><a href=\"https:\/\/watercircles.no\/winterbergh\/wp-content\/uploads\/2025\/11\/WaterCircles-Reise-vilkar-WtCREI-2.16-01.01.26.pdf\">Reise- WtCREI 2.16- 01.01.26<\/a><\/p>\n\t<div id=\"gap-1200754128\" class=\"gap-element clearfix\" style=\"display:block; height:auto;\">\n\t\t\n<style>\n#gap-1200754128 {\n  padding-top: 30px;\n}\n<\/style>\n\t<\/div>\n\t\n\n<span class=\"scroll-to\" data-label=\"Scroll to: #vertikal-helse\" data-bullet=\"false\" data-link=\"#vertikal-helse\" data-title=\"vertikal-helse\"><a name=\"vertikal-helse\"><\/a><\/span>\n\n\t<div id=\"gap-1798764633\" class=\"gap-element clearfix\" style=\"display:block; height:auto;\">\n\t\t\n<style>\n#gap-1798764633 {\n  padding-top: 30px;\n}\n<\/style>\n\t<\/div>\n\t\n\n<h3>Vertikal Helse<\/h3>\n<p><a href=\"https:\/\/watercircles.no\/winterbergh\/wp-content\/uploads\/2025\/10\/HelseforsikringPL.pdf\">Vilk\u00e5r Helseforsikring fra 23.08.25<\/a><\/p>\n<p>\u00a0<\/p>\n<span class=\"scroll-to\" data-label=\"Scroll to: #fornyelsesbrev\" data-bullet=\"false\" data-link=\"#fornyelsesbrev\" data-title=\"fornyelsesbrev\"><a name=\"fornyelsesbrev\"><\/a><\/span>\n\n\t<div id=\"gap-598504335\" class=\"gap-element clearfix\" style=\"display:block; height:auto;\">\n\t\t\n<style>\n#gap-598504335 {\n  padding-top: 30px;\n}\n<\/style>\n\t<\/div>\n\t\n\n<h3><span style=\"font-size: 100%;\">Fornyelse og vilk\u00e5rsbrev<\/span><\/h3>\n<p><a href=\"https:\/\/watercircles.no\/winterbergh\/wp-content\/uploads\/2026\/02\/Fornyelse-og-vilkarsbrev-WaterCircles-PL-01.03.2026.pdf\">Fornyelsesbrev 01.03.2026<\/a><\/p>\n\n\t\t<\/div>\n\t\t\t\t\t<\/div>\n\n\t\n\n<\/div>\n\n\t\t<\/div>\n\t\t\t\t\t<\/div>\n\n\t\n\n<\/div>\n\n\t\t<\/div>\n\n\t\t\n<style>\n#section_1119572235 {\n  padding-top: 31px;\n  padding-bottom: 31px;\n}\n@media (min-width:550px) {\n  #section_1119572235 {\n    padding-top: 80px;\n    padding-bottom: 80px;\n  }\n}\n<\/style>\n\t<\/section>\n\t\n\n","protected":false},"excerpt":{"rendered":"","protected":false},"author":1,"featured_media":0,"parent":8,"menu_order":0,"comment_status":"closed","ping_status":"closed","template":"page-blank.php","meta":{"footnotes":""},"class_list":["post-1012","page","type-page","status-publish","hentry"],"yoast_head":"<!-- This site is optimized with the Yoast SEO plugin v27.3 - https:\/\/yoast.com\/product\/yoast-seo-wordpress\/ -->\n<title>Forsikringsvilk\u00e5r Privat ~ Winterbergh by WaterCircles<\/title>\n<meta name=\"robots\" content=\"index, follow, max-snippet:-1, max-image-preview:large, max-video-preview:-1\" \/>\n<link rel=\"canonical\" href=\"https:\/\/watercircles.no\/winterbergh\/privat\/vilkar\/\" \/>\n<meta property=\"og:locale\" content=\"nb_NO\" \/>\n<meta property=\"og:type\" content=\"article\" \/>\n<meta property=\"og:title\" content=\"Forsikringsvilk\u00e5r Privat ~ Winterbergh by WaterCircles\" \/>\n<meta property=\"og:url\" content=\"https:\/\/watercircles.no\/winterbergh\/privat\/vilkar\/\" \/>\n<meta property=\"og:site_name\" content=\"Winterbergh by WaterCircles\" \/>\n<meta property=\"article:modified_time\" content=\"2026-03-18T09:25:09+00:00\" \/>\n<meta name=\"twitter:card\" content=\"summary_large_image\" \/>\n<meta name=\"twitter:label1\" content=\"Ansl. lesetid\" \/>\n\t<meta name=\"twitter:data1\" content=\"3 minutter\" \/>\n<script type=\"application\/ld+json\" class=\"yoast-schema-graph\">{\"@context\":\"https:\\\/\\\/schema.org\",\"@graph\":[{\"@type\":\"WebPage\",\"@id\":\"https:\\\/\\\/watercircles.no\\\/winterbergh\\\/privat\\\/vilkar\\\/\",\"url\":\"https:\\\/\\\/watercircles.no\\\/winterbergh\\\/privat\\\/vilkar\\\/\",\"name\":\"Forsikringsvilk\u00e5r Privat ~ Winterbergh by WaterCircles\",\"isPartOf\":{\"@id\":\"https:\\\/\\\/watercircles.no\\\/winterbergh\\\/#website\"},\"datePublished\":\"2022-06-15T07:39:17+00:00\",\"dateModified\":\"2026-03-18T09:25:09+00:00\",\"breadcrumb\":{\"@id\":\"https:\\\/\\\/watercircles.no\\\/winterbergh\\\/privat\\\/vilkar\\\/#breadcrumb\"},\"inLanguage\":\"nb-NO\",\"potentialAction\":[{\"@type\":\"ReadAction\",\"target\":[\"https:\\\/\\\/watercircles.no\\\/winterbergh\\\/privat\\\/vilkar\\\/\"]}]},{\"@type\":\"BreadcrumbList\",\"@id\":\"https:\\\/\\\/watercircles.no\\\/winterbergh\\\/privat\\\/vilkar\\\/#breadcrumb\",\"itemListElement\":[{\"@type\":\"ListItem\",\"position\":1,\"name\":\"Hjem\",\"item\":\"https:\\\/\\\/watercircles.no\\\/winterbergh\\\/\"},{\"@type\":\"ListItem\",\"position\":2,\"name\":\"Privat\",\"item\":\"https:\\\/\\\/watercircles.no\\\/winterbergh\\\/\"},{\"@type\":\"ListItem\",\"position\":3,\"name\":\"Forsikringsvilk\u00e5r Privat\"}]},{\"@type\":\"WebSite\",\"@id\":\"https:\\\/\\\/watercircles.no\\\/winterbergh\\\/#website\",\"url\":\"https:\\\/\\\/watercircles.no\\\/winterbergh\\\/\",\"name\":\"Winterbergh by WaterCircles\",\"description\":\"\u00abBy Invitation\u00bb program for spesielt inviterte kunder og bedrifter\",\"publisher\":{\"@id\":\"https:\\\/\\\/watercircles.no\\\/winterbergh\\\/#organization\"},\"potentialAction\":[{\"@type\":\"SearchAction\",\"target\":{\"@type\":\"EntryPoint\",\"urlTemplate\":\"https:\\\/\\\/watercircles.no\\\/winterbergh\\\/?s={search_term_string}\"},\"query-input\":{\"@type\":\"PropertyValueSpecification\",\"valueRequired\":true,\"valueName\":\"search_term_string\"}}],\"inLanguage\":\"nb-NO\"},{\"@type\":\"Organization\",\"@id\":\"https:\\\/\\\/watercircles.no\\\/winterbergh\\\/#organization\",\"name\":\"Winterbergh by WaterCircles\",\"url\":\"https:\\\/\\\/watercircles.no\\\/winterbergh\\\/\",\"logo\":{\"@type\":\"ImageObject\",\"inLanguage\":\"nb-NO\",\"@id\":\"https:\\\/\\\/watercircles.no\\\/winterbergh\\\/#\\\/schema\\\/logo\\\/image\\\/\",\"url\":\"https:\\\/\\\/watercircles.no\\\/winterbergh\\\/wp-content\\\/uploads\\\/2022\\\/05\\\/Winterbergh-WaterCircles-logo-svart-liggende-.png\",\"contentUrl\":\"https:\\\/\\\/watercircles.no\\\/winterbergh\\\/wp-content\\\/uploads\\\/2022\\\/05\\\/Winterbergh-WaterCircles-logo-svart-liggende-.png\",\"width\":982,\"height\":253,\"caption\":\"Winterbergh by WaterCircles\"},\"image\":{\"@id\":\"https:\\\/\\\/watercircles.no\\\/winterbergh\\\/#\\\/schema\\\/logo\\\/image\\\/\"}}]}<\/script>\n<!-- \/ Yoast SEO plugin. -->","yoast_head_json":{"title":"Forsikringsvilk\u00e5r Privat ~ Winterbergh by WaterCircles","robots":{"index":"index","follow":"follow","max-snippet":"max-snippet:-1","max-image-preview":"max-image-preview:large","max-video-preview":"max-video-preview:-1"},"canonical":"https:\/\/watercircles.no\/winterbergh\/privat\/vilkar\/","og_locale":"nb_NO","og_type":"article","og_title":"Forsikringsvilk\u00e5r Privat ~ Winterbergh by WaterCircles","og_url":"https:\/\/watercircles.no\/winterbergh\/privat\/vilkar\/","og_site_name":"Winterbergh by WaterCircles","article_modified_time":"2026-03-18T09:25:09+00:00","twitter_card":"summary_large_image","twitter_misc":{"Ansl. lesetid":"3 minutter"},"schema":{"@context":"https:\/\/schema.org","@graph":[{"@type":"WebPage","@id":"https:\/\/watercircles.no\/winterbergh\/privat\/vilkar\/","url":"https:\/\/watercircles.no\/winterbergh\/privat\/vilkar\/","name":"Forsikringsvilk\u00e5r Privat ~ Winterbergh by WaterCircles","isPartOf":{"@id":"https:\/\/watercircles.no\/winterbergh\/#website"},"datePublished":"2022-06-15T07:39:17+00:00","dateModified":"2026-03-18T09:25:09+00:00","breadcrumb":{"@id":"https:\/\/watercircles.no\/winterbergh\/privat\/vilkar\/#breadcrumb"},"inLanguage":"nb-NO","potentialAction":[{"@type":"ReadAction","target":["https:\/\/watercircles.no\/winterbergh\/privat\/vilkar\/"]}]},{"@type":"BreadcrumbList","@id":"https:\/\/watercircles.no\/winterbergh\/privat\/vilkar\/#breadcrumb","itemListElement":[{"@type":"ListItem","position":1,"name":"Hjem","item":"https:\/\/watercircles.no\/winterbergh\/"},{"@type":"ListItem","position":2,"name":"Privat","item":"https:\/\/watercircles.no\/winterbergh\/"},{"@type":"ListItem","position":3,"name":"Forsikringsvilk\u00e5r Privat"}]},{"@type":"WebSite","@id":"https:\/\/watercircles.no\/winterbergh\/#website","url":"https:\/\/watercircles.no\/winterbergh\/","name":"Winterbergh by WaterCircles","description":"\u00abBy Invitation\u00bb program for spesielt inviterte kunder og bedrifter","publisher":{"@id":"https:\/\/watercircles.no\/winterbergh\/#organization"},"potentialAction":[{"@type":"SearchAction","target":{"@type":"EntryPoint","urlTemplate":"https:\/\/watercircles.no\/winterbergh\/?s={search_term_string}"},"query-input":{"@type":"PropertyValueSpecification","valueRequired":true,"valueName":"search_term_string"}}],"inLanguage":"nb-NO"},{"@type":"Organization","@id":"https:\/\/watercircles.no\/winterbergh\/#organization","name":"Winterbergh by WaterCircles","url":"https:\/\/watercircles.no\/winterbergh\/","logo":{"@type":"ImageObject","inLanguage":"nb-NO","@id":"https:\/\/watercircles.no\/winterbergh\/#\/schema\/logo\/image\/","url":"https:\/\/watercircles.no\/winterbergh\/wp-content\/uploads\/2022\/05\/Winterbergh-WaterCircles-logo-svart-liggende-.png","contentUrl":"https:\/\/watercircles.no\/winterbergh\/wp-content\/uploads\/2022\/05\/Winterbergh-WaterCircles-logo-svart-liggende-.png","width":982,"height":253,"caption":"Winterbergh by WaterCircles"},"image":{"@id":"https:\/\/watercircles.no\/winterbergh\/#\/schema\/logo\/image\/"}}]}},"_links":{"self":[{"href":"https:\/\/watercircles.no\/winterbergh\/wp-json\/wp\/v2\/pages\/1012","targetHints":{"allow":["GET"]}}],"collection":[{"href":"https:\/\/watercircles.no\/winterbergh\/wp-json\/wp\/v2\/pages"}],"about":[{"href":"https:\/\/watercircles.no\/winterbergh\/wp-json\/wp\/v2\/types\/page"}],"author":[{"embeddable":true,"href":"https:\/\/watercircles.no\/winterbergh\/wp-json\/wp\/v2\/users\/1"}],"replies":[{"embeddable":true,"href":"https:\/\/watercircles.no\/winterbergh\/wp-json\/wp\/v2\/comments?post=1012"}],"version-history":[{"count":85,"href":"https:\/\/watercircles.no\/winterbergh\/wp-json\/wp\/v2\/pages\/1012\/revisions"}],"predecessor-version":[{"id":4323,"href":"https:\/\/watercircles.no\/winterbergh\/wp-json\/wp\/v2\/pages\/1012\/revisions\/4323"}],"up":[{"embeddable":true,"href":"https:\/\/watercircles.no\/winterbergh\/wp-json\/wp\/v2\/pages\/8"}],"wp:attachment":[{"href":"https:\/\/watercircles.no\/winterbergh\/wp-json\/wp\/v2\/media?parent=1012"}],"curies":[{"name":"wp","href":"https:\/\/api.w.org\/{rel}","templated":true}]}}