{"id":1758,"date":"2022-06-24T10:37:04","date_gmt":"2022-06-24T08:37:04","guid":{"rendered":"https:\/\/winterbergh.fw3.no\/?page_id=1758"},"modified":"2022-06-27T11:16:36","modified_gmt":"2022-06-27T09:16:36","slug":"norges-seilforbund","status":"publish","type":"page","link":"https:\/\/watercircles.no\/winterbergh\/norges-seilforbund\/","title":{"rendered":"Norges Seilforbund"},"content":{"rendered":"\n\n\t<section class=\"section\" id=\"section_1757979131\">\n\t\t<div class=\"section-bg fill\" >\n\t\t\t\t\t\t\t\t\t\n\t\t\t\n\n\t\t<\/div>\n\n\t\t\n\n\t\t<div class=\"section-content relative\">\n\t\t\t\n\n<div class=\"row align-center\"  id=\"row-673306621\">\n\n\n\t<div id=\"col-1327055346\" class=\"col medium-10 small-11 large-8\"  >\n\t\t\t\t<div class=\"col-inner text-left\"  >\n\t\t\t\n\t\t\t\n\n<div class=\"is-divider divider clearfix\" style=\"max-width:70px;background-color:rgb(236, 161, 84);\"><\/div>\n\n\t<div id=\"text-3928083209\" class=\"text\">\n\t\t\n\n<h1 style=\"text-align: left;\"><span style=\"font-size: 100%;\">Norges Seilforbund<\/span><\/h1>\n<p>Tar du godt vare pa\u030a ba\u030aten din? \u2013 Da tar vi godt vare pa\u030a deg.<\/p>\n\t\t\n<style>\n#text-3928083209 {\n  font-size: 1.1rem;\n}\n@media (min-width:550px) {\n  #text-3928083209 {\n    font-size: 1.2rem;\n  }\n}\n@media (min-width:850px) {\n  #text-3928083209 {\n    font-size: 1.5rem;\n  }\n}\n<\/style>\n\t<\/div>\n\t\n\t<div id=\"gap-1956139249\" class=\"gap-element clearfix\" style=\"display:block; height:auto;\">\n\t\t\n<style>\n#gap-1956139249 {\n  padding-top: 20px;\n}\n<\/style>\n\t<\/div>\n\t\n\n\t<div id=\"stack-2287197808\" class=\"stack stack-row justify-start items-stretch sm:stack-col md:stack-col\">\n\t\t\n\n<a href=\"#les-mer\" class=\"button secondary\" style=\"padding:6px 30px 7px 30px;\">\n\t\t<span>Les mer<\/span>\n\t<\/a>\n\n\n\n\t\t\n<style>\n#stack-2287197808 > * {\n  --stack-gap: 1rem;\n}\n<\/style>\n\t<\/div>\n\t\n\n\t\t<\/div>\n\t\t\t\t\t<\/div>\n\n\t\n\n<\/div>\n\t<div id=\"gap-1182166259\" class=\"gap-element clearfix\" style=\"display:block; height:auto;\">\n\t\t\n<style>\n#gap-1182166259 {\n  padding-top: 31px;\n}\n@media (min-width:550px) {\n  #gap-1182166259 {\n    padding-top: 80px;\n  }\n}\n<\/style>\n\t<\/div>\n\t\n\n<div class=\"row align-middle align-center\"  id=\"row-1144263652\">\n\n\n\t<div id=\"col-789678717\" class=\"col medium-10 small-11 large-8\"  >\n\t\t\t\t<div class=\"col-inner text-left\"  >\n\t\t\t\n\t\t\t\n\n\n  <div class=\"banner has-hover\" id=\"banner-2059458492\">\n          <div class=\"banner-inner fill\">\n        <div class=\"banner-bg fill\" >\n            <img loading=\"lazy\" decoding=\"async\" width=\"1920\" height=\"1280\" src=\"https:\/\/watercircles.no\/winterbergh\/wp-content\/uploads\/2022\/06\/Norges-seilforbund-1.jpg\" class=\"bg attachment-original size-original\" alt=\"Et svart-hvitt bilde av en seilb\u00e5t som elegant glir over vannflaten, omfavnet av ro og stillhet.\" \/>                        <div class=\"overlay\"><\/div>            \n                    <\/div>\n\t\t\n        <div class=\"banner-layers container\">\n            <div class=\"fill banner-link\"><\/div>            \n\n\n        <\/div>\n      <\/div>\n\n            \n<style>\n#banner-2059458492 {\n  padding-top: 56.25%;\n}\n#banner-2059458492 .overlay {\n  background-color: rgba(21, 95, 88, 0);\n}\n#banner-2059458492 .banner-bg img {\n  object-position: 59% 0%;\n}\n@media (min-width:550px) {\n  #banner-2059458492 {\n    padding-top: 56.25%;\n  }\n}\n@media (min-width:850px) {\n  #banner-2059458492 {\n    padding-top: 56.25%;\n  }\n}\n<\/style>\n  <\/div>\n\n\n\n\t\t<\/div>\n\t\t\t\t\t<\/div>\n\n\t\n\n<\/div>\n<span class=\"scroll-to\" data-label=\"Scroll to: #les-mer\" data-bullet=\"false\" data-link=\"#les-mer\" data-title=\"les-mer\"><a name=\"les-mer\"><\/a><\/span>\n\n\t<div id=\"gap-243252425\" class=\"gap-element clearfix\" style=\"display:block; height:auto;\">\n\t\t\n<style>\n#gap-243252425 {\n  padding-top: 31px;\n}\n@media (min-width:550px) {\n  #gap-243252425 {\n    padding-top: 80px;\n  }\n}\n<\/style>\n\t<\/div>\n\t\n\n<div class=\"row align-center\"  id=\"row-1366577120\">\n\n\n\t<div id=\"col-72460591\" class=\"col medium-10 small-11 large-8\"  >\n\t\t\t\t<div class=\"col-inner\"  >\n\t\t\t\n\t\t\t\n\n<div id=\"text-1282467471\" class=\"text\">\n<p>WaterCircles baserer seg nemlig pa\u030a den enkle tanken at ansvarsfulle kunder har f\u00e6rre uhell. Og siden f\u00e6rre uhell gir f\u00e6rre utbetalinger, kan vi gi kundene va\u030are lavere premier. Og mer personlig service.<\/p>\n<\/div>\n<p>Siden du er medlem av Norges Seilforbund regner vi deg som \u00e9n av dem som tar ekstra godt vare p\u00e5 b\u00e5ten sin. Da f\u00e5r du ogs\u00e5 ekstra gode betingelser hos oss.<\/p>\n<p>Hvor gode de er fa\u030ar du vite om du ringer oss pa\u030a 67 20 60 50.<\/p>\n<p>Alternativt kan du sende oss en\u00a0<a href=\"mailto:post@watercircles.no\">e-post<\/a>\u00a0med hva du \u00f8nsker \u00e5 forsikre\u00a0(Legg gjerne ved en kopi av dagens forsikringspolise eller litt informasjon om dine produkter).<\/p>\n<p><a href=\"https:\/\/watercircles.no\/winterbergh\/wp-content\/uploads\/2022\/06\/2021_05_21_pressemelding_watercircles-nsf_norsk.pdf\" target=\"_blank\" rel=\"noopener\">Pressemelding<\/a><\/p>\n<p><a href=\"https:\/\/watercircles.no\/winterbergh\/wp-content\/uploads\/2022\/06\/20.05.21_annonse_nsf_210x297.pdf\" target=\"_blank\" rel=\"noopener\">Annonse<\/a><\/p>\n\t<div id=\"gap-1730483269\" class=\"gap-element clearfix\" style=\"display:block; height:auto;\">\n\t\t\n<style>\n#gap-1730483269 {\n  padding-top: 30px;\n}\n<\/style>\n\t<\/div>\n\t\n\n\t<div class=\"img has-hover x md-x lg-x y md-y lg-y\" id=\"image_971329952\">\n\t\t<a class=\"\" href=\"https:\/\/www.norgesseilforbund.org\/\" target=\"_blank\" rel=\"noopener\" >\t\t\t\t\t\t<div class=\"img-inner dark\" >\n\t\t\t<img loading=\"lazy\" decoding=\"async\" width=\"1000\" height=\"306\" src=\"https:\/\/watercircles.no\/winterbergh\/wp-content\/uploads\/2022\/06\/official-partner-horizontal-rgb_mesa-de-trabajo-2.png.webp\" class=\"attachment-original size-original\" alt=\"\" srcset=\"https:\/\/watercircles.no\/winterbergh\/wp-content\/uploads\/2022\/06\/official-partner-horizontal-rgb_mesa-de-trabajo-2.png.webp 1000w, https:\/\/watercircles.no\/winterbergh\/wp-content\/uploads\/2022\/06\/official-partner-horizontal-rgb_mesa-de-trabajo-2.png-300x92.webp 300w, https:\/\/watercircles.no\/winterbergh\/wp-content\/uploads\/2022\/06\/official-partner-horizontal-rgb_mesa-de-trabajo-2.png-768x235.webp 768w\" sizes=\"auto, (max-width: 1000px) 100vw, 1000px\" \/>\t\t\t\t\t\t\n\t\t\t\t\t<\/div>\n\t\t\t\t\t\t<\/a>\t\t\n<style>\n#image_971329952 {\n  width: 61%;\n}\n@media (min-width:550px) {\n  #image_971329952 {\n    width: 33%;\n  }\n}\n@media (min-width:850px) {\n  #image_971329952 {\n    width: 26%;\n  }\n}\n<\/style>\n\t<\/div>\n\t\n\n\t<div id=\"gap-231480262\" class=\"gap-element clearfix hidden\" style=\"display:block; height:auto;\">\n\t\t\n<style>\n#gap-231480262 {\n  padding-top: 30px;\n}\n<\/style>\n\t<\/div>\n\t\n\n\t<div id=\"stack-596757843\" class=\"stack hidden stack-row justify-start items-stretch md:stack-col\">\n\t\t\n\n<a class=\"button secondary\" style=\"padding:6px 30px 7px 30px;\">\n\t\t<span>Button<\/span>\n\t<\/a>\n\n\n\n\t\t\n<style>\n#stack-596757843 > * {\n  --stack-gap: 1rem;\n}\n<\/style>\n\t<\/div>\n\t\n\n\t\t<\/div>\n\t\t\t\t\t<\/div>\n\n\t\n\n<\/div>\n\n\t\t<\/div>\n\n\t\t\n<style>\n#section_1757979131 {\n  padding-top: 31px;\n  padding-bottom: 31px;\n}\n@media (min-width:550px) {\n  #section_1757979131 {\n    padding-top: 80px;\n    padding-bottom: 80px;\n  }\n}\n<\/style>\n\t<\/section>\n\t\n\n","protected":false},"excerpt":{"rendered":"","protected":false},"author":1,"featured_media":0,"parent":0,"menu_order":0,"comment_status":"closed","ping_status":"closed","template":"page-blank.php","meta":{"footnotes":""},"class_list":["post-1758","page","type-page","status-publish","hentry"],"yoast_head":"<!-- This site is optimized with the Yoast SEO plugin v27.3 - https:\/\/yoast.com\/product\/yoast-seo-wordpress\/ -->\n<title>Norges Seilforbund ~ Winterbergh by WaterCircles<\/title>\n<meta name=\"robots\" content=\"index, follow, max-snippet:-1, max-image-preview:large, max-video-preview:-1\" \/>\n<link rel=\"canonical\" href=\"https:\/\/watercircles.no\/winterbergh\/norges-seilforbund\/\" \/>\n<meta property=\"og:locale\" content=\"nb_NO\" \/>\n<meta property=\"og:type\" content=\"article\" \/>\n<meta property=\"og:title\" content=\"Norges Seilforbund ~ Winterbergh by WaterCircles\" \/>\n<meta property=\"og:url\" content=\"https:\/\/watercircles.no\/winterbergh\/norges-seilforbund\/\" \/>\n<meta property=\"og:site_name\" content=\"Winterbergh by WaterCircles\" \/>\n<meta property=\"article:modified_time\" content=\"2022-06-27T09:16:36+00:00\" \/>\n<meta name=\"twitter:card\" content=\"summary_large_image\" \/>\n<meta name=\"twitter:label1\" content=\"Ansl. lesetid\" \/>\n\t<meta name=\"twitter:data1\" content=\"2 minutter\" \/>\n<script type=\"application\/ld+json\" class=\"yoast-schema-graph\">{\"@context\":\"https:\\\/\\\/schema.org\",\"@graph\":[{\"@type\":\"WebPage\",\"@id\":\"https:\\\/\\\/watercircles.no\\\/winterbergh\\\/norges-seilforbund\\\/\",\"url\":\"https:\\\/\\\/watercircles.no\\\/winterbergh\\\/norges-seilforbund\\\/\",\"name\":\"Norges Seilforbund ~ Winterbergh by WaterCircles\",\"isPartOf\":{\"@id\":\"https:\\\/\\\/watercircles.no\\\/winterbergh\\\/#website\"},\"datePublished\":\"2022-06-24T08:37:04+00:00\",\"dateModified\":\"2022-06-27T09:16:36+00:00\",\"breadcrumb\":{\"@id\":\"https:\\\/\\\/watercircles.no\\\/winterbergh\\\/norges-seilforbund\\\/#breadcrumb\"},\"inLanguage\":\"nb-NO\",\"potentialAction\":[{\"@type\":\"ReadAction\",\"target\":[\"https:\\\/\\\/watercircles.no\\\/winterbergh\\\/norges-seilforbund\\\/\"]}]},{\"@type\":\"BreadcrumbList\",\"@id\":\"https:\\\/\\\/watercircles.no\\\/winterbergh\\\/norges-seilforbund\\\/#breadcrumb\",\"itemListElement\":[{\"@type\":\"ListItem\",\"position\":1,\"name\":\"Hjem\",\"item\":\"https:\\\/\\\/watercircles.no\\\/winterbergh\\\/\"},{\"@type\":\"ListItem\",\"position\":2,\"name\":\"Norges Seilforbund\"}]},{\"@type\":\"WebSite\",\"@id\":\"https:\\\/\\\/watercircles.no\\\/winterbergh\\\/#website\",\"url\":\"https:\\\/\\\/watercircles.no\\\/winterbergh\\\/\",\"name\":\"Winterbergh by WaterCircles\",\"description\":\"\u00abBy Invitation\u00bb program for spesielt inviterte kunder og bedrifter\",\"publisher\":{\"@id\":\"https:\\\/\\\/watercircles.no\\\/winterbergh\\\/#organization\"},\"potentialAction\":[{\"@type\":\"SearchAction\",\"target\":{\"@type\":\"EntryPoint\",\"urlTemplate\":\"https:\\\/\\\/watercircles.no\\\/winterbergh\\\/?s={search_term_string}\"},\"query-input\":{\"@type\":\"PropertyValueSpecification\",\"valueRequired\":true,\"valueName\":\"search_term_string\"}}],\"inLanguage\":\"nb-NO\"},{\"@type\":\"Organization\",\"@id\":\"https:\\\/\\\/watercircles.no\\\/winterbergh\\\/#organization\",\"name\":\"Winterbergh by WaterCircles\",\"url\":\"https:\\\/\\\/watercircles.no\\\/winterbergh\\\/\",\"logo\":{\"@type\":\"ImageObject\",\"inLanguage\":\"nb-NO\",\"@id\":\"https:\\\/\\\/watercircles.no\\\/winterbergh\\\/#\\\/schema\\\/logo\\\/image\\\/\",\"url\":\"https:\\\/\\\/watercircles.no\\\/winterbergh\\\/wp-content\\\/uploads\\\/2022\\\/05\\\/Winterbergh-WaterCircles-logo-svart-liggende-.png\",\"contentUrl\":\"https:\\\/\\\/watercircles.no\\\/winterbergh\\\/wp-content\\\/uploads\\\/2022\\\/05\\\/Winterbergh-WaterCircles-logo-svart-liggende-.png\",\"width\":982,\"height\":253,\"caption\":\"Winterbergh by WaterCircles\"},\"image\":{\"@id\":\"https:\\\/\\\/watercircles.no\\\/winterbergh\\\/#\\\/schema\\\/logo\\\/image\\\/\"}}]}<\/script>\n<!-- \/ Yoast SEO plugin. -->","yoast_head_json":{"title":"Norges Seilforbund ~ Winterbergh by WaterCircles","robots":{"index":"index","follow":"follow","max-snippet":"max-snippet:-1","max-image-preview":"max-image-preview:large","max-video-preview":"max-video-preview:-1"},"canonical":"https:\/\/watercircles.no\/winterbergh\/norges-seilforbund\/","og_locale":"nb_NO","og_type":"article","og_title":"Norges Seilforbund ~ Winterbergh by WaterCircles","og_url":"https:\/\/watercircles.no\/winterbergh\/norges-seilforbund\/","og_site_name":"Winterbergh by WaterCircles","article_modified_time":"2022-06-27T09:16:36+00:00","twitter_card":"summary_large_image","twitter_misc":{"Ansl. lesetid":"2 minutter"},"schema":{"@context":"https:\/\/schema.org","@graph":[{"@type":"WebPage","@id":"https:\/\/watercircles.no\/winterbergh\/norges-seilforbund\/","url":"https:\/\/watercircles.no\/winterbergh\/norges-seilforbund\/","name":"Norges Seilforbund ~ Winterbergh by WaterCircles","isPartOf":{"@id":"https:\/\/watercircles.no\/winterbergh\/#website"},"datePublished":"2022-06-24T08:37:04+00:00","dateModified":"2022-06-27T09:16:36+00:00","breadcrumb":{"@id":"https:\/\/watercircles.no\/winterbergh\/norges-seilforbund\/#breadcrumb"},"inLanguage":"nb-NO","potentialAction":[{"@type":"ReadAction","target":["https:\/\/watercircles.no\/winterbergh\/norges-seilforbund\/"]}]},{"@type":"BreadcrumbList","@id":"https:\/\/watercircles.no\/winterbergh\/norges-seilforbund\/#breadcrumb","itemListElement":[{"@type":"ListItem","position":1,"name":"Hjem","item":"https:\/\/watercircles.no\/winterbergh\/"},{"@type":"ListItem","position":2,"name":"Norges Seilforbund"}]},{"@type":"WebSite","@id":"https:\/\/watercircles.no\/winterbergh\/#website","url":"https:\/\/watercircles.no\/winterbergh\/","name":"Winterbergh by WaterCircles","description":"\u00abBy Invitation\u00bb program for spesielt inviterte kunder og bedrifter","publisher":{"@id":"https:\/\/watercircles.no\/winterbergh\/#organization"},"potentialAction":[{"@type":"SearchAction","target":{"@type":"EntryPoint","urlTemplate":"https:\/\/watercircles.no\/winterbergh\/?s={search_term_string}"},"query-input":{"@type":"PropertyValueSpecification","valueRequired":true,"valueName":"search_term_string"}}],"inLanguage":"nb-NO"},{"@type":"Organization","@id":"https:\/\/watercircles.no\/winterbergh\/#organization","name":"Winterbergh by WaterCircles","url":"https:\/\/watercircles.no\/winterbergh\/","logo":{"@type":"ImageObject","inLanguage":"nb-NO","@id":"https:\/\/watercircles.no\/winterbergh\/#\/schema\/logo\/image\/","url":"https:\/\/watercircles.no\/winterbergh\/wp-content\/uploads\/2022\/05\/Winterbergh-WaterCircles-logo-svart-liggende-.png","contentUrl":"https:\/\/watercircles.no\/winterbergh\/wp-content\/uploads\/2022\/05\/Winterbergh-WaterCircles-logo-svart-liggende-.png","width":982,"height":253,"caption":"Winterbergh by WaterCircles"},"image":{"@id":"https:\/\/watercircles.no\/winterbergh\/#\/schema\/logo\/image\/"}}]}},"_links":{"self":[{"href":"https:\/\/watercircles.no\/winterbergh\/wp-json\/wp\/v2\/pages\/1758","targetHints":{"allow":["GET"]}}],"collection":[{"href":"https:\/\/watercircles.no\/winterbergh\/wp-json\/wp\/v2\/pages"}],"about":[{"href":"https:\/\/watercircles.no\/winterbergh\/wp-json\/wp\/v2\/types\/page"}],"author":[{"embeddable":true,"href":"https:\/\/watercircles.no\/winterbergh\/wp-json\/wp\/v2\/users\/1"}],"replies":[{"embeddable":true,"href":"https:\/\/watercircles.no\/winterbergh\/wp-json\/wp\/v2\/comments?post=1758"}],"version-history":[{"count":10,"href":"https:\/\/watercircles.no\/winterbergh\/wp-json\/wp\/v2\/pages\/1758\/revisions"}],"predecessor-version":[{"id":1835,"href":"https:\/\/watercircles.no\/winterbergh\/wp-json\/wp\/v2\/pages\/1758\/revisions\/1835"}],"wp:attachment":[{"href":"https:\/\/watercircles.no\/winterbergh\/wp-json\/wp\/v2\/media?parent=1758"}],"curies":[{"name":"wp","href":"https:\/\/api.w.org\/{rel}","templated":true}]}}