{"id":1774,"date":"2022-06-24T10:50:30","date_gmt":"2022-06-24T08:50:30","guid":{"rendered":"https:\/\/winterbergh.fw3.no\/?page_id=1774"},"modified":"2022-06-29T14:26:21","modified_gmt":"2022-06-29T12:26:21","slug":"norsk-kiropraktorforening","status":"publish","type":"page","link":"https:\/\/watercircles.no\/winterbergh\/norsk-kiropraktorforening\/","title":{"rendered":"Norsk Kiropraktorforening"},"content":{"rendered":"\n\n\t<section class=\"section\" id=\"section_507330231\">\n\t\t<div class=\"section-bg fill\" >\n\t\t\t\t\t\t\t\t\t\n\t\t\t\n\n\t\t<\/div>\n\n\t\t\n\n\t\t<div class=\"section-content relative\">\n\t\t\t\n\n<div class=\"row align-center\"  id=\"row-1318615742\">\n\n\n\t<div id=\"col-408059339\" class=\"col medium-10 small-11 large-8\"  >\n\t\t\t\t<div class=\"col-inner text-left\"  >\n\t\t\t\n\t\t\t\n\n<div class=\"is-divider divider clearfix\" style=\"max-width:70px;background-color:rgb(236, 161, 84);\"><\/div>\n\n\t<div id=\"text-3015994438\" class=\"text\">\n\t\t\n\n<h1 style=\"text-align: left;\"><span style=\"font-size: 100%;\">Norsk Kiropraktorforening<\/span><\/h1>\n<p>Medlemmer i Norsk Kiropraktorforening f\u00e5r gunstige betingelser p\u00e5 private skadeforsikringer hos Winterbergh forsikring.<\/p>\n\t\t\n<style>\n#text-3015994438 {\n  font-size: 1.1rem;\n}\n@media (min-width:550px) {\n  #text-3015994438 {\n    font-size: 1.2rem;\n  }\n}\n@media (min-width:850px) {\n  #text-3015994438 {\n    font-size: 1.5rem;\n  }\n}\n<\/style>\n\t<\/div>\n\t\n\t<div id=\"gap-2022155270\" class=\"gap-element clearfix\" style=\"display:block; height:auto;\">\n\t\t\n<style>\n#gap-2022155270 {\n  padding-top: 20px;\n}\n<\/style>\n\t<\/div>\n\t\n\n\t<div id=\"stack-599340882\" class=\"stack stack-row justify-start items-stretch sm:stack-col md:stack-col\">\n\t\t\n\n<a href=\"#les-mer\" class=\"button secondary\" style=\"padding:6px 30px 7px 30px;\">\n\t\t<span>Les mer<\/span>\n\t<\/a>\n\n\n\n\t\t\n<style>\n#stack-599340882 > * {\n  --stack-gap: 1rem;\n}\n<\/style>\n\t<\/div>\n\t\n\n\t\t<\/div>\n\t\t\t\t\t<\/div>\n\n\t\n\n<\/div>\n\t<div id=\"gap-1967459223\" class=\"gap-element clearfix\" style=\"display:block; height:auto;\">\n\t\t\n<style>\n#gap-1967459223 {\n  padding-top: 31px;\n}\n@media (min-width:550px) {\n  #gap-1967459223 {\n    padding-top: 80px;\n  }\n}\n<\/style>\n\t<\/div>\n\t\n\n<div class=\"row align-middle align-center\"  id=\"row-1189902364\">\n\n\n\t<div id=\"col-854272580\" class=\"col medium-10 small-11 large-8\"  >\n\t\t\t\t<div class=\"col-inner text-left\"  >\n\t\t\t\n\t\t\t\n\n\n  <div class=\"banner has-hover\" id=\"banner-2093848459\">\n          <div class=\"banner-inner fill\">\n        <div class=\"banner-bg fill\" >\n            <img loading=\"lazy\" decoding=\"async\" width=\"1500\" height=\"1000\" src=\"https:\/\/watercircles.no\/winterbergh\/wp-content\/uploads\/2022\/06\/Norsk-kiropraktorforening.jpg\" class=\"bg attachment-original size-original\" alt=\"En kvinne nyter en avslappende nakkemassasje fra en dyktig mann, omfavnet av en atmosf\u00e6re av velv\u00e6re og luksus.\" \/>                        <div class=\"overlay\"><\/div>            \n                    <\/div>\n\t\t\n        <div class=\"banner-layers container\">\n            <div class=\"fill banner-link\"><\/div>            \n\n\n        <\/div>\n      <\/div>\n\n            \n<style>\n#banner-2093848459 {\n  padding-top: 56.25%;\n}\n#banner-2093848459 .overlay {\n  background-color: rgba(21, 95, 88, 0);\n}\n#banner-2093848459 .banner-bg img {\n  object-position: 58% 14%;\n}\n@media (min-width:550px) {\n  #banner-2093848459 {\n    padding-top: 56.25%;\n  }\n}\n@media (min-width:850px) {\n  #banner-2093848459 {\n    padding-top: 56.25%;\n  }\n}\n<\/style>\n  <\/div>\n\n\n\n\t\t<\/div>\n\t\t\t\t\t<\/div>\n\n\t\n\n<\/div>\n<span class=\"scroll-to\" data-label=\"Scroll to: #les-mer\" data-bullet=\"false\" data-link=\"#les-mer\" data-title=\"les-mer\"><a name=\"les-mer\"><\/a><\/span>\n\n\t<div id=\"gap-1637858584\" class=\"gap-element clearfix\" style=\"display:block; height:auto;\">\n\t\t\n<style>\n#gap-1637858584 {\n  padding-top: 31px;\n}\n@media (min-width:550px) {\n  #gap-1637858584 {\n    padding-top: 80px;\n  }\n}\n<\/style>\n\t<\/div>\n\t\n\n<div class=\"row align-center\"  id=\"row-769173149\">\n\n\n\t<div id=\"col-2070823681\" class=\"col medium-10 small-11 large-8\"  >\n\t\t\t\t<div class=\"col-inner\"  >\n\t\t\t\n\t\t\t\n\n<div id=\"text-1282467471\" class=\"text\">\n<h2>Winterbergh forsikring<\/h2>\n<p>Winterbergh er NKF sin samarbeidspartner innen skadeforsikringer og bedriftsforsikringer. 150 kiropraktorer har allerede tegnet forsikring i Winterbergh.&nbsp;<\/p>\n<p>Winterbergh er et &laquo;By invitation&raquo;- konsept for spesielt inviterte kunder, bedrifter eller foreninger. NKF er en spesielt invitert forening. Personer med h\u00f8yere utdannelse passer ofte p\u00e5 sine verdier og utgj\u00f8r slik god skaderisiko. Du som medlem i NKF f\u00e5r derfor gunstige betingelser hos Winterbergh.<\/p>\n<p>Forsikringsavtalen dekker et bredt spekter av forsikringer som en kiropraktor har behov for i sitt virke, samt en god avtale p\u00e5 private forsikringer. Spesielt for avtalen er \u00abFingerforsikringen\u00bb, en skreddersydd faginvaliditetsforsikring for NKF.<\/p>\n<h3>Fordeler for deg som medlem:<\/h3>\n<ul>\n<li class=\"bullet-checkmark\">Individuell og personlig r\u00e5dgivning \u2013 vi kan forsikring for kiropraktorer<\/li>\n<li class=\"bullet-checkmark\">En fast r\u00e5dgiver \u2013 tilgjengelig n\u00e5r det passer deg og din kalender<\/li>\n<li class=\"bullet-checkmark\">15% kundebonus- samle dine forsikringer i selskapet<\/li>\n<li class=\"bullet-checkmark\">Private og bedriftsforsikringer \u2013 alt i ett selskap<\/li>\n<li class=\"bullet-checkmark\">Faginvaliditetsforsikring skreddersydd for deg som kiropraktor<\/li>\n<li class=\"bullet-checkmark\">Rask og unik service<\/li>\n<\/ul>\n<\/div>\n\n\t<div id=\"gap-797779391\" class=\"gap-element clearfix\" style=\"display:block; height:auto;\">\n\t\t\n<style>\n#gap-797779391 {\n  padding-top: 30px;\n}\n<\/style>\n\t<\/div>\n\t\n\n\t<div class=\"img has-hover x md-x lg-x y md-y lg-y\" id=\"image_247346507\">\n\t\t<a class=\"\" href=\"https:\/\/www.kiropraktikk.no\/\" target=\"_blank\" rel=\"noopener\" >\t\t\t\t\t\t<div class=\"img-inner dark\" >\n\t\t\t<img loading=\"lazy\" decoding=\"async\" width=\"400\" height=\"200\" src=\"https:\/\/watercircles.no\/winterbergh\/wp-content\/uploads\/2022\/06\/kiropraktorforeningen.jpg\" class=\"attachment-original size-original\" alt=\"\" srcset=\"https:\/\/watercircles.no\/winterbergh\/wp-content\/uploads\/2022\/06\/kiropraktorforeningen.jpg 400w, https:\/\/watercircles.no\/winterbergh\/wp-content\/uploads\/2022\/06\/kiropraktorforeningen-300x150.jpg 300w\" sizes=\"auto, (max-width: 400px) 100vw, 400px\" \/>\t\t\t\t\t\t\n\t\t\t\t\t<\/div>\n\t\t\t\t\t\t<\/a>\t\t\n<style>\n#image_247346507 {\n  width: 61%;\n}\n@media (min-width:550px) {\n  #image_247346507 {\n    width: 33%;\n  }\n}\n@media (min-width:850px) {\n  #image_247346507 {\n    width: 26%;\n  }\n}\n<\/style>\n\t<\/div>\n\t\n\n\t<div id=\"gap-1094925004\" class=\"gap-element clearfix hidden\" style=\"display:block; height:auto;\">\n\t\t\n<style>\n#gap-1094925004 {\n  padding-top: 30px;\n}\n<\/style>\n\t<\/div>\n\t\n\n\t<div id=\"stack-3018917653\" class=\"stack hidden stack-row justify-start items-stretch md:stack-col\">\n\t\t\n\n<a class=\"button secondary\" style=\"padding:6px 30px 7px 30px;\">\n\t\t<span>Button<\/span>\n\t<\/a>\n\n\n\n\t\t\n<style>\n#stack-3018917653 > * {\n  --stack-gap: 1rem;\n}\n<\/style>\n\t<\/div>\n\t\n\n\t\t<\/div>\n\t\t\t\t\t<\/div>\n\n\t\n\n<\/div>\n\n\t\t<\/div>\n\n\t\t\n<style>\n#section_507330231 {\n  padding-top: 31px;\n  padding-bottom: 31px;\n}\n@media (min-width:550px) {\n  #section_507330231 {\n    padding-top: 80px;\n    padding-bottom: 80px;\n  }\n}\n<\/style>\n\t<\/section>\n\t\n\n","protected":false},"excerpt":{"rendered":"","protected":false},"author":1,"featured_media":0,"parent":0,"menu_order":0,"comment_status":"closed","ping_status":"closed","template":"page-blank.php","meta":{"footnotes":""},"class_list":["post-1774","page","type-page","status-publish","hentry"],"yoast_head":"<!-- This site is optimized with the Yoast SEO plugin v27.3 - https:\/\/yoast.com\/product\/yoast-seo-wordpress\/ -->\n<title>Norsk Kiropraktorforening ~ Winterbergh by WaterCircles<\/title>\n<meta name=\"robots\" content=\"index, follow, max-snippet:-1, max-image-preview:large, max-video-preview:-1\" \/>\n<link rel=\"canonical\" href=\"https:\/\/watercircles.no\/winterbergh\/norsk-kiropraktorforening\/\" \/>\n<meta property=\"og:locale\" content=\"nb_NO\" \/>\n<meta property=\"og:type\" content=\"article\" \/>\n<meta property=\"og:title\" content=\"Norsk Kiropraktorforening ~ Winterbergh by WaterCircles\" \/>\n<meta property=\"og:url\" content=\"https:\/\/watercircles.no\/winterbergh\/norsk-kiropraktorforening\/\" \/>\n<meta property=\"og:site_name\" content=\"Winterbergh by WaterCircles\" \/>\n<meta property=\"article:modified_time\" content=\"2022-06-29T12:26:21+00:00\" \/>\n<meta name=\"twitter:card\" content=\"summary_large_image\" \/>\n<meta name=\"twitter:label1\" content=\"Ansl. lesetid\" \/>\n\t<meta name=\"twitter:data1\" content=\"2 minutter\" \/>\n<script type=\"application\/ld+json\" class=\"yoast-schema-graph\">{\"@context\":\"https:\\\/\\\/schema.org\",\"@graph\":[{\"@type\":\"WebPage\",\"@id\":\"https:\\\/\\\/watercircles.no\\\/winterbergh\\\/norsk-kiropraktorforening\\\/\",\"url\":\"https:\\\/\\\/watercircles.no\\\/winterbergh\\\/norsk-kiropraktorforening\\\/\",\"name\":\"Norsk Kiropraktorforening ~ Winterbergh by WaterCircles\",\"isPartOf\":{\"@id\":\"https:\\\/\\\/watercircles.no\\\/winterbergh\\\/#website\"},\"datePublished\":\"2022-06-24T08:50:30+00:00\",\"dateModified\":\"2022-06-29T12:26:21+00:00\",\"breadcrumb\":{\"@id\":\"https:\\\/\\\/watercircles.no\\\/winterbergh\\\/norsk-kiropraktorforening\\\/#breadcrumb\"},\"inLanguage\":\"nb-NO\",\"potentialAction\":[{\"@type\":\"ReadAction\",\"target\":[\"https:\\\/\\\/watercircles.no\\\/winterbergh\\\/norsk-kiropraktorforening\\\/\"]}]},{\"@type\":\"BreadcrumbList\",\"@id\":\"https:\\\/\\\/watercircles.no\\\/winterbergh\\\/norsk-kiropraktorforening\\\/#breadcrumb\",\"itemListElement\":[{\"@type\":\"ListItem\",\"position\":1,\"name\":\"Hjem\",\"item\":\"https:\\\/\\\/watercircles.no\\\/winterbergh\\\/\"},{\"@type\":\"ListItem\",\"position\":2,\"name\":\"Norsk Kiropraktorforening\"}]},{\"@type\":\"WebSite\",\"@id\":\"https:\\\/\\\/watercircles.no\\\/winterbergh\\\/#website\",\"url\":\"https:\\\/\\\/watercircles.no\\\/winterbergh\\\/\",\"name\":\"Winterbergh by WaterCircles\",\"description\":\"\u00abBy Invitation\u00bb program for spesielt inviterte kunder og bedrifter\",\"publisher\":{\"@id\":\"https:\\\/\\\/watercircles.no\\\/winterbergh\\\/#organization\"},\"potentialAction\":[{\"@type\":\"SearchAction\",\"target\":{\"@type\":\"EntryPoint\",\"urlTemplate\":\"https:\\\/\\\/watercircles.no\\\/winterbergh\\\/?s={search_term_string}\"},\"query-input\":{\"@type\":\"PropertyValueSpecification\",\"valueRequired\":true,\"valueName\":\"search_term_string\"}}],\"inLanguage\":\"nb-NO\"},{\"@type\":\"Organization\",\"@id\":\"https:\\\/\\\/watercircles.no\\\/winterbergh\\\/#organization\",\"name\":\"Winterbergh by WaterCircles\",\"url\":\"https:\\\/\\\/watercircles.no\\\/winterbergh\\\/\",\"logo\":{\"@type\":\"ImageObject\",\"inLanguage\":\"nb-NO\",\"@id\":\"https:\\\/\\\/watercircles.no\\\/winterbergh\\\/#\\\/schema\\\/logo\\\/image\\\/\",\"url\":\"https:\\\/\\\/watercircles.no\\\/winterbergh\\\/wp-content\\\/uploads\\\/2022\\\/05\\\/Winterbergh-WaterCircles-logo-svart-liggende-.png\",\"contentUrl\":\"https:\\\/\\\/watercircles.no\\\/winterbergh\\\/wp-content\\\/uploads\\\/2022\\\/05\\\/Winterbergh-WaterCircles-logo-svart-liggende-.png\",\"width\":982,\"height\":253,\"caption\":\"Winterbergh by WaterCircles\"},\"image\":{\"@id\":\"https:\\\/\\\/watercircles.no\\\/winterbergh\\\/#\\\/schema\\\/logo\\\/image\\\/\"}}]}<\/script>\n<!-- \/ Yoast SEO plugin. -->","yoast_head_json":{"title":"Norsk Kiropraktorforening ~ Winterbergh by WaterCircles","robots":{"index":"index","follow":"follow","max-snippet":"max-snippet:-1","max-image-preview":"max-image-preview:large","max-video-preview":"max-video-preview:-1"},"canonical":"https:\/\/watercircles.no\/winterbergh\/norsk-kiropraktorforening\/","og_locale":"nb_NO","og_type":"article","og_title":"Norsk Kiropraktorforening ~ Winterbergh by WaterCircles","og_url":"https:\/\/watercircles.no\/winterbergh\/norsk-kiropraktorforening\/","og_site_name":"Winterbergh by WaterCircles","article_modified_time":"2022-06-29T12:26:21+00:00","twitter_card":"summary_large_image","twitter_misc":{"Ansl. lesetid":"2 minutter"},"schema":{"@context":"https:\/\/schema.org","@graph":[{"@type":"WebPage","@id":"https:\/\/watercircles.no\/winterbergh\/norsk-kiropraktorforening\/","url":"https:\/\/watercircles.no\/winterbergh\/norsk-kiropraktorforening\/","name":"Norsk Kiropraktorforening ~ Winterbergh by WaterCircles","isPartOf":{"@id":"https:\/\/watercircles.no\/winterbergh\/#website"},"datePublished":"2022-06-24T08:50:30+00:00","dateModified":"2022-06-29T12:26:21+00:00","breadcrumb":{"@id":"https:\/\/watercircles.no\/winterbergh\/norsk-kiropraktorforening\/#breadcrumb"},"inLanguage":"nb-NO","potentialAction":[{"@type":"ReadAction","target":["https:\/\/watercircles.no\/winterbergh\/norsk-kiropraktorforening\/"]}]},{"@type":"BreadcrumbList","@id":"https:\/\/watercircles.no\/winterbergh\/norsk-kiropraktorforening\/#breadcrumb","itemListElement":[{"@type":"ListItem","position":1,"name":"Hjem","item":"https:\/\/watercircles.no\/winterbergh\/"},{"@type":"ListItem","position":2,"name":"Norsk Kiropraktorforening"}]},{"@type":"WebSite","@id":"https:\/\/watercircles.no\/winterbergh\/#website","url":"https:\/\/watercircles.no\/winterbergh\/","name":"Winterbergh by WaterCircles","description":"\u00abBy Invitation\u00bb program for spesielt inviterte kunder og bedrifter","publisher":{"@id":"https:\/\/watercircles.no\/winterbergh\/#organization"},"potentialAction":[{"@type":"SearchAction","target":{"@type":"EntryPoint","urlTemplate":"https:\/\/watercircles.no\/winterbergh\/?s={search_term_string}"},"query-input":{"@type":"PropertyValueSpecification","valueRequired":true,"valueName":"search_term_string"}}],"inLanguage":"nb-NO"},{"@type":"Organization","@id":"https:\/\/watercircles.no\/winterbergh\/#organization","name":"Winterbergh by WaterCircles","url":"https:\/\/watercircles.no\/winterbergh\/","logo":{"@type":"ImageObject","inLanguage":"nb-NO","@id":"https:\/\/watercircles.no\/winterbergh\/#\/schema\/logo\/image\/","url":"https:\/\/watercircles.no\/winterbergh\/wp-content\/uploads\/2022\/05\/Winterbergh-WaterCircles-logo-svart-liggende-.png","contentUrl":"https:\/\/watercircles.no\/winterbergh\/wp-content\/uploads\/2022\/05\/Winterbergh-WaterCircles-logo-svart-liggende-.png","width":982,"height":253,"caption":"Winterbergh by WaterCircles"},"image":{"@id":"https:\/\/watercircles.no\/winterbergh\/#\/schema\/logo\/image\/"}}]}},"_links":{"self":[{"href":"https:\/\/watercircles.no\/winterbergh\/wp-json\/wp\/v2\/pages\/1774","targetHints":{"allow":["GET"]}}],"collection":[{"href":"https:\/\/watercircles.no\/winterbergh\/wp-json\/wp\/v2\/pages"}],"about":[{"href":"https:\/\/watercircles.no\/winterbergh\/wp-json\/wp\/v2\/types\/page"}],"author":[{"embeddable":true,"href":"https:\/\/watercircles.no\/winterbergh\/wp-json\/wp\/v2\/users\/1"}],"replies":[{"embeddable":true,"href":"https:\/\/watercircles.no\/winterbergh\/wp-json\/wp\/v2\/comments?post=1774"}],"version-history":[{"count":12,"href":"https:\/\/watercircles.no\/winterbergh\/wp-json\/wp\/v2\/pages\/1774\/revisions"}],"predecessor-version":[{"id":1918,"href":"https:\/\/watercircles.no\/winterbergh\/wp-json\/wp\/v2\/pages\/1774\/revisions\/1918"}],"wp:attachment":[{"href":"https:\/\/watercircles.no\/winterbergh\/wp-json\/wp\/v2\/media?parent=1774"}],"curies":[{"name":"wp","href":"https:\/\/api.w.org\/{rel}","templated":true}]}}