{"id":4304,"date":"2026-03-12T14:36:59","date_gmt":"2026-03-12T13:36:59","guid":{"rendered":"https:\/\/watercircles.no\/winterbergh\/?page_id=4304"},"modified":"2026-04-30T07:54:46","modified_gmt":"2026-04-30T05:54:46","slug":"forerutviklingskurs-for-mc-og-bil","status":"publish","type":"page","link":"https:\/\/watercircles.no\/winterbergh\/privat\/forerutviklingskurs-for-mc-og-bil\/","title":{"rendered":"F\u00f8rerutviklingskurs for MC og bil"},"content":{"rendered":"\n\n\t<section class=\"section\" id=\"section_1339068988\">\n\t\t<div class=\"section-bg fill\" >\n\t\t\t\t\t\t\t\t\t\n\t\t\t\n\n\t\t<\/div>\n\n\t\t\n\n\t\t<div class=\"section-content relative\">\n\t\t\t\n\n<div class=\"row align-center\"  id=\"row-1553329260\">\n\n\n\t<div id=\"col-1906711756\" class=\"col medium-10 small-11 large-8\"  >\n\t\t\t\t<div class=\"col-inner text-left\"  >\n\t\t\t\n\t\t\t\n\n<div class=\"row row-collapse\"  id=\"row-96531910\">\n\n\n\t<div id=\"col-1032815776\" class=\"col medium-4 small-4 large-4\"  >\n\t\t\t\t<div class=\"col-inner\"  >\n\t\t\t\n\t\t\t\n\n<div class=\"is-divider divider clearfix\" style=\"max-width:70px;background-color:rgb(236, 161, 84);\"><\/div>\n\n\n\t\t<\/div>\n\t\t\t\t\t<\/div>\n\n\t\n\n\t<div id=\"col-871317623\" class=\"col medium-8 small-8 large-8\"  >\n\t\t\t\t<div class=\"col-inner\"  >\n\t\t\t\n\t\t\t\n\n\t<div id=\"text-2958093937\" class=\"text\">\n\t\t\n\n<p style=\"text-align: right;\"><span style=\"font-size: 100%;\"><a href=\"https:\/\/watercircles.no\/winterbergh\/\">Privat<\/a>\u00a0 <span style=\"font-size: 80%; color: #eca154;\"><i class=\"fas fa-chevron-right \" ><\/i><\/span>\u00a0 <a href=\"https:\/\/watercircles.no\/winterbergh\/privat\/fordeler\/\">Fordeler<\/a> <span style=\"font-size: 80%; color: #eca154;\"><i class=\"fas fa-chevron-right \" ><\/i><\/span><\/span><\/p>\n\t\t\n<style>\n#text-2958093937 {\n  font-size: 0.75rem;\n}\n@media (min-width:550px) {\n  #text-2958093937 {\n    font-size: 1rem;\n  }\n}\n<\/style>\n\t<\/div>\n\t\n\n\n\t\t<\/div>\n\t\t\t\t\t<\/div>\n\n\t\n\n<\/div>\n\t<div id=\"text-3159208903\" class=\"text\">\n\t\t\n\n<div id=\"text-1195288142\" class=\"text\">\n<h1>F\u00f8rerutviklingskurs for MC og bil<\/h1>\n<\/div>\n<div id=\"text-23491351\" class=\"text\">\n<div>Her finner du informasjon om hvilke f\u00f8rerutviklingskurs for MC og bil som kan godkjennes. N\u00e5r du deltar p\u00e5 et godkjent kurs, gjelder forsikringen p\u00e5 vanlig m\u00e5te \u2013 ogs\u00e5 ved kj\u00f8ring p\u00e5 lukket bane som en del av kursopplegget.<\/div>\n<\/div>\n\t\t\n<style>\n#text-3159208903 {\n  font-size: 1.1rem;\n}\n@media (min-width:550px) {\n  #text-3159208903 {\n    font-size: 1.2rem;\n  }\n}\n@media (min-width:850px) {\n  #text-3159208903 {\n    font-size: 1.5rem;\n  }\n}\n<\/style>\n\t<\/div>\n\t\n\t<div id=\"gap-638354334\" class=\"gap-element clearfix\" style=\"display:block; height:auto;\">\n\t\t\n<style>\n#gap-638354334 {\n  padding-top: 20px;\n}\n<\/style>\n\t<\/div>\n\t\n\n\t<div id=\"stack-1694436434\" class=\"stack stack-row justify-start items-stretch sm:stack-col md:stack-col\">\n\t\t\n\n<a href=\"#les-mer\" class=\"button primary\" style=\"padding:6px 30px 7px 30px;\">\n\t\t<span>Les mer<\/span>\n\t<\/a>\n\n\n<a href=\"#godkjenning\" class=\"button primary\" style=\"padding:6px 30px 7px 30px;\">\n\t\t<span>Godkjenning av kurs<\/span>\n\t<\/a>\n\n\n<a href=\"#vennebonus-skjema\" class=\"button secondary hidden\" style=\"padding:6px 30px 7px 30px;\">\n\t\t<span>Anbefal oss til dine venner<\/span>\n\t<\/a>\n\n\n\n\t\t\n<style>\n#stack-1694436434 > * {\n  --stack-gap: 1rem;\n}\n<\/style>\n\t<\/div>\n\t\n\n\t\t<\/div>\n\t\t\t\t\t<\/div>\n\n\t\n\n<\/div>\n\t<div id=\"gap-550577735\" class=\"gap-element clearfix\" style=\"display:block; height:auto;\">\n\t\t\n<style>\n#gap-550577735 {\n  padding-top: 31px;\n}\n@media (min-width:550px) {\n  #gap-550577735 {\n    padding-top: 80px;\n  }\n}\n<\/style>\n\t<\/div>\n\t\n\n<div class=\"row align-middle align-center\"  id=\"row-2045410763\">\n\n\n\t<div id=\"col-1900696267\" class=\"col medium-10 small-11 large-8\"  >\n\t\t\t\t<div class=\"col-inner text-left\"  >\n\t\t\t\n\t\t\t\n\n\n\n  <div class=\"banner has-hover\" id=\"banner-2042057924\">\n          <div class=\"banner-inner fill\">\n        <div class=\"banner-bg fill\" >\n            <img loading=\"lazy\" decoding=\"async\" width=\"1020\" height=\"574\" src=\"https:\/\/watercircles.no\/winterbergh\/wp-content\/uploads\/2026\/03\/Forerutviklingskurs-for-MC-og-bil-1024x576.jpg\" class=\"bg attachment-large size-large\" alt=\"F\u00f8rerutviklingskurs for MC og bil\" \/>                                    \n                    <\/div>\n\t\t\n        <div class=\"banner-layers container\">\n            <div class=\"fill banner-link\"><\/div>            \n\n\n        <\/div>\n      <\/div>\n\n            \n<style>\n#banner-2042057924 {\n  padding-top: 56.25%;\n}\n<\/style>\n  <\/div>\n\n\n\n\t\t<\/div>\n\t\t\t\t\t<\/div>\n\n\t\n\n<\/div>\n<span class=\"scroll-to\" data-label=\"Scroll to: #les-mer\" data-bullet=\"false\" data-link=\"#les-mer\" data-title=\"les-mer\"><a name=\"les-mer\"><\/a><\/span>\n\n\t<div id=\"gap-635317598\" class=\"gap-element clearfix\" style=\"display:block; height:auto;\">\n\t\t\n<style>\n#gap-635317598 {\n  padding-top: 31px;\n}\n@media (min-width:550px) {\n  #gap-635317598 {\n    padding-top: 80px;\n  }\n}\n<\/style>\n\t<\/div>\n\t\n\n<div class=\"row align-center\"  id=\"row-2130681454\">\n\n\n\t<div id=\"col-188587673\" class=\"col medium-10 small-11 large-8\"  >\n\t\t\t\t<div class=\"col-inner\"  >\n\t\t\t\n\t\t\t\n\n<p>Her finner du informasjon om hvilke f\u00f8rerutviklingskurs for MC og bil som kan godkjennes. N\u00e5r du deltar p\u00e5 et godkjent kurs, gjelder forsikringen p\u00e5 vanlig m\u00e5te \u2013 ogs\u00e5 ved kj\u00f8ring p\u00e5 lukket bane som en del av kursopplegget.<\/p>\n<p>Hos WaterCircles \u00f8nsker vi \u00e5 bidra til \u00f8kt trafikksikkerhet gjennom kompetanseheving og trygg f\u00f8rerutvikling. Vi vet at m\u00e5lrettet oppl\u00e6ring kan gi bedre kj\u00f8referdigheter, \u00f8kt forst\u00e5else for risiko og en sikrere hverdag p\u00e5 veien. Derfor legger vi til rette for at kundene v\u00e5re kan delta p\u00e5 seri\u00f8se f\u00f8rerutviklingskurs arrangert av profesjonelle akt\u00f8rer, hvor l\u00e6ring og sikkerhet st\u00e5r i sentrum.<\/p>\n<p>Kursene som oppfyller v\u00e5re kriterier, blir godkjent av oss. N\u00e5r du deltar p\u00e5 et slikt kurs, vil din MC- eller bilforsikring gjelde som normalt, ogs\u00e5 under kj\u00f8ring p\u00e5 bane som inng\u00e5r i kursprogrammet.<\/p>\n\t<div id=\"gap-421885533\" class=\"gap-element clearfix\" style=\"display:block; height:auto;\">\n\t\t\n<style>\n#gap-421885533 {\n  padding-top: 30px;\n}\n<\/style>\n\t<\/div>\n\t\n\n<h2>Viktig informasjon:<\/h2>\n<p>Forsikringen gjelder ikke dersom kj\u00f8ret\u00f8yet brukes p\u00e5 hastighetsbaner utenom godkjente kurs, eller dersom det benyttes til trening, konkurranser, hastighetsl\u00f8p eller andre former for fartspr\u00f8ver.<\/p>\n\t<div id=\"gap-1842684736\" class=\"gap-element clearfix\" style=\"display:block; height:auto;\">\n\t\t\n<style>\n#gap-1842684736 {\n  padding-top: 30px;\n}\n<\/style>\n\t<\/div>\n\t\n\n<h2>Godkjente f\u00f8rerutviklingskurs for 2026:<\/h2>\n<p><a href=\"https:\/\/viamc.no\/oppfriskningskurs\/\" target=\"_blank\" rel=\"noopener\">VIA MC \u2013 Oppfriskningskurs<\/a><\/p>\n<p><a href=\"https:\/\/viamc.no\/ferdighetstrening\/\" target=\"_blank\" rel=\"noopener\">VIA MC \u2013 Ferdighetstrening<\/a><\/p>\n<p><a href=\"https:\/\/banekjoring.com\/\">F\u00f8rerutvikling &#8211; Banekj\u00f8ring, \u00d8ivind Lie<\/a><\/p>\n\t<div id=\"gap-192551131\" class=\"gap-element clearfix\" style=\"display:block; height:auto;\">\n\t\t\n<style>\n#gap-192551131 {\n  padding-top: 30px;\n}\n<\/style>\n\t<\/div>\n\t\n\n<span class=\"scroll-to\" data-label=\"Scroll to: #godkjenning\" data-bullet=\"false\" data-link=\"#godkjenning\" data-title=\"godkjenning\"><a name=\"godkjenning\"><\/a><\/span>\n\n\t<div id=\"gap-1981591539\" class=\"gap-element clearfix\" style=\"display:block; height:auto;\">\n\t\t\n<style>\n#gap-1981591539 {\n  padding-top: 50px;\n}\n<\/style>\n\t<\/div>\n\t\n\n<div class=\"row\"  id=\"row-1453947419\">\n\n\n\n<\/div>\n\n\t\t<\/div>\n\t\t\t\t\t<\/div>\n\n\t\n\n<\/div>\n<div class=\"row align-middle align-center\"  id=\"row-913423394\">\n\n\n\t<div id=\"col-1962966707\" class=\"col medium-10 small-12 large-8\"  >\n\t\t\t\t<div class=\"col-inner\" style=\"background-color:#eca154;\" >\n\t\t\t\n\t\t\t\n\n<div class=\"row align-middle\"  id=\"row-155539881\">\n\n\n\t<div id=\"col-186030993\" class=\"col medium-7 small-12 large-7\"  >\n\t\t\t\t<div class=\"col-inner\"  >\n\t\t\t\n\t\t\t\n\n<h2>Er du kursarrang\u00f8r?<\/h2>\n<p>Som kursarrang\u00f8r kan du s\u00f8ke om \u00e5 f\u00e5 kurset godkjent av WaterCircles Forsikring<\/p>\n\n\t\t<\/div>\n\t\t\t\t\t<\/div>\n\n\t\n\n\t<div id=\"col-1215990696\" class=\"col medium-5 small-12 large-5\"  >\n\t\t\t\t<div class=\"col-inner\"  >\n\t\t\t\n\t\t\t\n\n<a href=\"https:\/\/watercircles.no\/winterbergh\/privat\/fordeler\/soknad-om-godkjenning-av-forerutviklingskurs\/\" class=\"button primary is-large expand\" style=\"padding:7px 7px 7px 7px;\">\n\t\t<span>S\u00f8k om godkjenning<\/span>\n\t<\/a>\n\n\n\n\t\t<\/div>\n\t\t\t\t\t<\/div>\n\n\t\n\n<\/div>\n\n\t\t<\/div>\n\t\t\t\t\n<style>\n#col-1962966707 > .col-inner {\n  padding: 50px 50px 0px 50px;\n}\n<\/style>\n\t<\/div>\n\n\t\n\n<\/div>\n\n\t\t<\/div>\n\n\t\t\n<style>\n#section_1339068988 {\n  padding-top: 31px;\n  padding-bottom: 31px;\n}\n@media (min-width:550px) {\n  #section_1339068988 {\n    padding-top: 80px;\n    padding-bottom: 80px;\n  }\n}\n<\/style>\n\t<\/section>\n\t\n\n","protected":false},"excerpt":{"rendered":"","protected":false},"author":3,"featured_media":4306,"parent":8,"menu_order":0,"comment_status":"closed","ping_status":"closed","template":"page-blank.php","meta":{"footnotes":""},"class_list":["post-4304","page","type-page","status-publish","has-post-thumbnail","hentry"],"yoast_head":"<!-- This site is optimized with the Yoast SEO plugin v27.3 - https:\/\/yoast.com\/product\/yoast-seo-wordpress\/ -->\n<title>F\u00f8rerutviklingskurs for MC og bil ~ Winterbergh by WaterCircles<\/title>\n<meta name=\"robots\" content=\"index, follow, max-snippet:-1, max-image-preview:large, max-video-preview:-1\" \/>\n<link rel=\"canonical\" href=\"https:\/\/watercircles.no\/winterbergh\/privat\/forerutviklingskurs-for-mc-og-bil\/\" \/>\n<meta property=\"og:locale\" content=\"nb_NO\" \/>\n<meta property=\"og:type\" content=\"article\" \/>\n<meta property=\"og:title\" content=\"F\u00f8rerutviklingskurs for MC og bil ~ Winterbergh by WaterCircles\" \/>\n<meta property=\"og:url\" content=\"https:\/\/watercircles.no\/winterbergh\/privat\/forerutviklingskurs-for-mc-og-bil\/\" \/>\n<meta property=\"og:site_name\" content=\"Winterbergh by WaterCircles\" \/>\n<meta property=\"article:modified_time\" content=\"2026-04-30T05:54:46+00:00\" \/>\n<meta property=\"og:image\" content=\"https:\/\/watercircles.no\/winterbergh\/wp-content\/uploads\/2022\/08\/Invitasjonsprogram.jpg\" \/>\n\t<meta property=\"og:image:width\" content=\"1920\" \/>\n\t<meta property=\"og:image:height\" content=\"1280\" \/>\n\t<meta property=\"og:image:type\" content=\"image\/jpeg\" \/>\n<meta name=\"twitter:card\" content=\"summary_large_image\" \/>\n<meta name=\"twitter:label1\" content=\"Ansl. lesetid\" \/>\n\t<meta name=\"twitter:data1\" content=\"3 minutter\" \/>\n<script type=\"application\/ld+json\" class=\"yoast-schema-graph\">{\"@context\":\"https:\\\/\\\/schema.org\",\"@graph\":[{\"@type\":\"WebPage\",\"@id\":\"https:\\\/\\\/watercircles.no\\\/winterbergh\\\/privat\\\/forerutviklingskurs-for-mc-og-bil\\\/\",\"url\":\"https:\\\/\\\/watercircles.no\\\/winterbergh\\\/privat\\\/forerutviklingskurs-for-mc-og-bil\\\/\",\"name\":\"F\u00f8rerutviklingskurs for MC og bil ~ Winterbergh by WaterCircles\",\"isPartOf\":{\"@id\":\"https:\\\/\\\/watercircles.no\\\/winterbergh\\\/#website\"},\"primaryImageOfPage\":{\"@id\":\"https:\\\/\\\/watercircles.no\\\/winterbergh\\\/privat\\\/forerutviklingskurs-for-mc-og-bil\\\/#primaryimage\"},\"image\":{\"@id\":\"https:\\\/\\\/watercircles.no\\\/winterbergh\\\/privat\\\/forerutviklingskurs-for-mc-og-bil\\\/#primaryimage\"},\"thumbnailUrl\":\"https:\\\/\\\/watercircles.no\\\/winterbergh\\\/wp-content\\\/uploads\\\/2026\\\/03\\\/Forerutviklingskurs-for-MC-og-bil.jpg\",\"datePublished\":\"2026-03-12T13:36:59+00:00\",\"dateModified\":\"2026-04-30T05:54:46+00:00\",\"breadcrumb\":{\"@id\":\"https:\\\/\\\/watercircles.no\\\/winterbergh\\\/privat\\\/forerutviklingskurs-for-mc-og-bil\\\/#breadcrumb\"},\"inLanguage\":\"nb-NO\",\"potentialAction\":[{\"@type\":\"ReadAction\",\"target\":[\"https:\\\/\\\/watercircles.no\\\/winterbergh\\\/privat\\\/forerutviklingskurs-for-mc-og-bil\\\/\"]}]},{\"@type\":\"ImageObject\",\"inLanguage\":\"nb-NO\",\"@id\":\"https:\\\/\\\/watercircles.no\\\/winterbergh\\\/privat\\\/forerutviklingskurs-for-mc-og-bil\\\/#primaryimage\",\"url\":\"https:\\\/\\\/watercircles.no\\\/winterbergh\\\/wp-content\\\/uploads\\\/2026\\\/03\\\/Forerutviklingskurs-for-MC-og-bil.jpg\",\"contentUrl\":\"https:\\\/\\\/watercircles.no\\\/winterbergh\\\/wp-content\\\/uploads\\\/2026\\\/03\\\/Forerutviklingskurs-for-MC-og-bil.jpg\",\"width\":1920,\"height\":1080,\"caption\":\"F\u00f8rerutviklingskurs for MC og bil\"},{\"@type\":\"BreadcrumbList\",\"@id\":\"https:\\\/\\\/watercircles.no\\\/winterbergh\\\/privat\\\/forerutviklingskurs-for-mc-og-bil\\\/#breadcrumb\",\"itemListElement\":[{\"@type\":\"ListItem\",\"position\":1,\"name\":\"Hjem\",\"item\":\"https:\\\/\\\/watercircles.no\\\/winterbergh\\\/\"},{\"@type\":\"ListItem\",\"position\":2,\"name\":\"Privat\",\"item\":\"https:\\\/\\\/watercircles.no\\\/winterbergh\\\/\"},{\"@type\":\"ListItem\",\"position\":3,\"name\":\"F\u00f8rerutviklingskurs for MC og bil\"}]},{\"@type\":\"WebSite\",\"@id\":\"https:\\\/\\\/watercircles.no\\\/winterbergh\\\/#website\",\"url\":\"https:\\\/\\\/watercircles.no\\\/winterbergh\\\/\",\"name\":\"Winterbergh by WaterCircles\",\"description\":\"\u00abBy Invitation\u00bb program for spesielt inviterte kunder og bedrifter\",\"publisher\":{\"@id\":\"https:\\\/\\\/watercircles.no\\\/winterbergh\\\/#organization\"},\"potentialAction\":[{\"@type\":\"SearchAction\",\"target\":{\"@type\":\"EntryPoint\",\"urlTemplate\":\"https:\\\/\\\/watercircles.no\\\/winterbergh\\\/?s={search_term_string}\"},\"query-input\":{\"@type\":\"PropertyValueSpecification\",\"valueRequired\":true,\"valueName\":\"search_term_string\"}}],\"inLanguage\":\"nb-NO\"},{\"@type\":\"Organization\",\"@id\":\"https:\\\/\\\/watercircles.no\\\/winterbergh\\\/#organization\",\"name\":\"Winterbergh by WaterCircles\",\"url\":\"https:\\\/\\\/watercircles.no\\\/winterbergh\\\/\",\"logo\":{\"@type\":\"ImageObject\",\"inLanguage\":\"nb-NO\",\"@id\":\"https:\\\/\\\/watercircles.no\\\/winterbergh\\\/#\\\/schema\\\/logo\\\/image\\\/\",\"url\":\"https:\\\/\\\/watercircles.no\\\/winterbergh\\\/wp-content\\\/uploads\\\/2022\\\/05\\\/Winterbergh-WaterCircles-logo-svart-liggende-.png\",\"contentUrl\":\"https:\\\/\\\/watercircles.no\\\/winterbergh\\\/wp-content\\\/uploads\\\/2022\\\/05\\\/Winterbergh-WaterCircles-logo-svart-liggende-.png\",\"width\":982,\"height\":253,\"caption\":\"Winterbergh by WaterCircles\"},\"image\":{\"@id\":\"https:\\\/\\\/watercircles.no\\\/winterbergh\\\/#\\\/schema\\\/logo\\\/image\\\/\"}}]}<\/script>\n<!-- \/ Yoast SEO plugin. -->","yoast_head_json":{"title":"F\u00f8rerutviklingskurs for MC og bil ~ Winterbergh by WaterCircles","robots":{"index":"index","follow":"follow","max-snippet":"max-snippet:-1","max-image-preview":"max-image-preview:large","max-video-preview":"max-video-preview:-1"},"canonical":"https:\/\/watercircles.no\/winterbergh\/privat\/forerutviklingskurs-for-mc-og-bil\/","og_locale":"nb_NO","og_type":"article","og_title":"F\u00f8rerutviklingskurs for MC og bil ~ Winterbergh by WaterCircles","og_url":"https:\/\/watercircles.no\/winterbergh\/privat\/forerutviklingskurs-for-mc-og-bil\/","og_site_name":"Winterbergh by WaterCircles","article_modified_time":"2026-04-30T05:54:46+00:00","og_image":[{"width":1920,"height":1280,"url":"https:\/\/watercircles.no\/winterbergh\/wp-content\/uploads\/2022\/08\/Invitasjonsprogram.jpg","type":"image\/jpeg"}],"twitter_card":"summary_large_image","twitter_misc":{"Ansl. lesetid":"3 minutter"},"schema":{"@context":"https:\/\/schema.org","@graph":[{"@type":"WebPage","@id":"https:\/\/watercircles.no\/winterbergh\/privat\/forerutviklingskurs-for-mc-og-bil\/","url":"https:\/\/watercircles.no\/winterbergh\/privat\/forerutviklingskurs-for-mc-og-bil\/","name":"F\u00f8rerutviklingskurs for MC og bil ~ Winterbergh by WaterCircles","isPartOf":{"@id":"https:\/\/watercircles.no\/winterbergh\/#website"},"primaryImageOfPage":{"@id":"https:\/\/watercircles.no\/winterbergh\/privat\/forerutviklingskurs-for-mc-og-bil\/#primaryimage"},"image":{"@id":"https:\/\/watercircles.no\/winterbergh\/privat\/forerutviklingskurs-for-mc-og-bil\/#primaryimage"},"thumbnailUrl":"https:\/\/watercircles.no\/winterbergh\/wp-content\/uploads\/2026\/03\/Forerutviklingskurs-for-MC-og-bil.jpg","datePublished":"2026-03-12T13:36:59+00:00","dateModified":"2026-04-30T05:54:46+00:00","breadcrumb":{"@id":"https:\/\/watercircles.no\/winterbergh\/privat\/forerutviklingskurs-for-mc-og-bil\/#breadcrumb"},"inLanguage":"nb-NO","potentialAction":[{"@type":"ReadAction","target":["https:\/\/watercircles.no\/winterbergh\/privat\/forerutviklingskurs-for-mc-og-bil\/"]}]},{"@type":"ImageObject","inLanguage":"nb-NO","@id":"https:\/\/watercircles.no\/winterbergh\/privat\/forerutviklingskurs-for-mc-og-bil\/#primaryimage","url":"https:\/\/watercircles.no\/winterbergh\/wp-content\/uploads\/2026\/03\/Forerutviklingskurs-for-MC-og-bil.jpg","contentUrl":"https:\/\/watercircles.no\/winterbergh\/wp-content\/uploads\/2026\/03\/Forerutviklingskurs-for-MC-og-bil.jpg","width":1920,"height":1080,"caption":"F\u00f8rerutviklingskurs for MC og bil"},{"@type":"BreadcrumbList","@id":"https:\/\/watercircles.no\/winterbergh\/privat\/forerutviklingskurs-for-mc-og-bil\/#breadcrumb","itemListElement":[{"@type":"ListItem","position":1,"name":"Hjem","item":"https:\/\/watercircles.no\/winterbergh\/"},{"@type":"ListItem","position":2,"name":"Privat","item":"https:\/\/watercircles.no\/winterbergh\/"},{"@type":"ListItem","position":3,"name":"F\u00f8rerutviklingskurs for MC og bil"}]},{"@type":"WebSite","@id":"https:\/\/watercircles.no\/winterbergh\/#website","url":"https:\/\/watercircles.no\/winterbergh\/","name":"Winterbergh by WaterCircles","description":"\u00abBy Invitation\u00bb program for spesielt inviterte kunder og bedrifter","publisher":{"@id":"https:\/\/watercircles.no\/winterbergh\/#organization"},"potentialAction":[{"@type":"SearchAction","target":{"@type":"EntryPoint","urlTemplate":"https:\/\/watercircles.no\/winterbergh\/?s={search_term_string}"},"query-input":{"@type":"PropertyValueSpecification","valueRequired":true,"valueName":"search_term_string"}}],"inLanguage":"nb-NO"},{"@type":"Organization","@id":"https:\/\/watercircles.no\/winterbergh\/#organization","name":"Winterbergh by WaterCircles","url":"https:\/\/watercircles.no\/winterbergh\/","logo":{"@type":"ImageObject","inLanguage":"nb-NO","@id":"https:\/\/watercircles.no\/winterbergh\/#\/schema\/logo\/image\/","url":"https:\/\/watercircles.no\/winterbergh\/wp-content\/uploads\/2022\/05\/Winterbergh-WaterCircles-logo-svart-liggende-.png","contentUrl":"https:\/\/watercircles.no\/winterbergh\/wp-content\/uploads\/2022\/05\/Winterbergh-WaterCircles-logo-svart-liggende-.png","width":982,"height":253,"caption":"Winterbergh by WaterCircles"},"image":{"@id":"https:\/\/watercircles.no\/winterbergh\/#\/schema\/logo\/image\/"}}]}},"_links":{"self":[{"href":"https:\/\/watercircles.no\/winterbergh\/wp-json\/wp\/v2\/pages\/4304","targetHints":{"allow":["GET"]}}],"collection":[{"href":"https:\/\/watercircles.no\/winterbergh\/wp-json\/wp\/v2\/pages"}],"about":[{"href":"https:\/\/watercircles.no\/winterbergh\/wp-json\/wp\/v2\/types\/page"}],"author":[{"embeddable":true,"href":"https:\/\/watercircles.no\/winterbergh\/wp-json\/wp\/v2\/users\/3"}],"replies":[{"embeddable":true,"href":"https:\/\/watercircles.no\/winterbergh\/wp-json\/wp\/v2\/comments?post=4304"}],"version-history":[{"count":7,"href":"https:\/\/watercircles.no\/winterbergh\/wp-json\/wp\/v2\/pages\/4304\/revisions"}],"predecessor-version":[{"id":4414,"href":"https:\/\/watercircles.no\/winterbergh\/wp-json\/wp\/v2\/pages\/4304\/revisions\/4414"}],"up":[{"embeddable":true,"href":"https:\/\/watercircles.no\/winterbergh\/wp-json\/wp\/v2\/pages\/8"}],"wp:featuredmedia":[{"embeddable":true,"href":"https:\/\/watercircles.no\/winterbergh\/wp-json\/wp\/v2\/media\/4306"}],"wp:attachment":[{"href":"https:\/\/watercircles.no\/winterbergh\/wp-json\/wp\/v2\/media?parent=4304"}],"curies":[{"name":"wp","href":"https:\/\/api.w.org\/{rel}","templated":true}]}}