{"id":4310,"date":"2026-03-12T15:06:58","date_gmt":"2026-03-12T14:06:58","guid":{"rendered":"https:\/\/watercircles.no\/winterbergh\/?page_id=4310"},"modified":"2026-03-16T12:33:00","modified_gmt":"2026-03-16T11:33:00","slug":"soknad-om-godkjenning-av-forerutviklingskurs","status":"publish","type":"page","link":"https:\/\/watercircles.no\/winterbergh\/privat\/soknad-om-godkjenning-av-forerutviklingskurs\/","title":{"rendered":"S\u00f8knad om godkjenning av f\u00f8rerutviklingskurs"},"content":{"rendered":"\n\n\t<section class=\"section\" id=\"section_1947662085\">\n\t\t<div class=\"section-bg fill\" >\n\t\t\t\t\t\t\t\t\t\n\t\t\t\n\n\t\t<\/div>\n\n\t\t\n\n\t\t<div class=\"section-content relative\">\n\t\t\t\n\n<div class=\"row align-center\"  id=\"row-828872965\">\n\n\n\t<div id=\"col-2049855502\" class=\"col medium-10 small-11 large-8\"  >\n\t\t\t\t<div class=\"col-inner text-left\"  >\n\t\t\t\n\t\t\t\n\n<div class=\"row row-collapse\"  id=\"row-1361288382\">\n\n\n\t<div id=\"col-2024109520\" class=\"col medium-4 small-4 large-4\"  >\n\t\t\t\t<div class=\"col-inner\"  >\n\t\t\t\n\t\t\t\n\n<div class=\"is-divider divider clearfix\" style=\"max-width:70px;background-color:rgb(236, 161, 84);\"><\/div>\n\n\n\t\t<\/div>\n\t\t\t\t\t<\/div>\n\n\t\n\n\t<div id=\"col-1607895573\" class=\"col medium-8 small-8 large-8\"  >\n\t\t\t\t<div class=\"col-inner\"  >\n\t\t\t\n\t\t\t\n\n\t<div id=\"text-4060356808\" class=\"text\">\n\t\t\n\n<p style=\"text-align: right;\"><span style=\"font-size: 100%;\"><a href=\"https:\/\/watercircles.no\/winterbergh\/\">Privat<\/a>\u00a0 <span style=\"font-size: 80%; color: #eca154;\"><i class=\"fas fa-chevron-right \" ><\/i><\/span>\u00a0 <a href=\"https:\/\/watercircles.no\/winterbergh\/privat\/fordeler\/\">Fordeler<\/a> <span style=\"font-size: 80%; color: #eca154;\"><i class=\"fas fa-chevron-right \" ><\/i><\/span><\/span><\/p>\n\t\t\n<style>\n#text-4060356808 {\n  font-size: 0.75rem;\n}\n@media (min-width:550px) {\n  #text-4060356808 {\n    font-size: 1rem;\n  }\n}\n<\/style>\n\t<\/div>\n\t\n\n\n\t\t<\/div>\n\t\t\t\t\t<\/div>\n\n\t\n\n<\/div>\n\t<div id=\"text-443206580\" class=\"text\">\n\t\t\n\n<div id=\"text-1195288142\" class=\"text\">\n<h1>S\u00f8knad om godkjenning av f\u00f8rerutviklingskurs<\/h1>\n<\/div>\n\t\t\n<style>\n#text-443206580 {\n  font-size: 1.1rem;\n}\n@media (min-width:550px) {\n  #text-443206580 {\n    font-size: 1.2rem;\n  }\n}\n@media (min-width:850px) {\n  #text-443206580 {\n    font-size: 1.5rem;\n  }\n}\n<\/style>\n\t<\/div>\n\t\n\t<div id=\"gap-696582400\" class=\"gap-element clearfix\" style=\"display:block; height:auto;\">\n\t\t\n<style>\n#gap-696582400 {\n  padding-top: 20px;\n}\n<\/style>\n\t<\/div>\n\t\n\n\t<div id=\"stack-2895422822\" class=\"stack stack-row justify-start items-stretch sm:stack-col md:stack-col\">\n\t\t\n\n<a href=\"#les-mer\" class=\"button primary\" style=\"padding:6px 30px 7px 30px;\">\n\t\t<span>Les mer<\/span>\n\t<\/a>\n\n\n<a href=\"#godkjenning\" class=\"button primary\" style=\"padding:6px 30px 7px 30px;\">\n\t\t<span>S\u00f8k om godkjenning<\/span>\n\t<\/a>\n\n\n<a href=\"#vennebonus-skjema\" class=\"button secondary hidden\" style=\"padding:6px 30px 7px 30px;\">\n\t\t<span>Anbefal oss til dine venner<\/span>\n\t<\/a>\n\n\n\n\t\t\n<style>\n#stack-2895422822 > * {\n  --stack-gap: 1rem;\n}\n<\/style>\n\t<\/div>\n\t\n\n\t\t<\/div>\n\t\t\t\t\t<\/div>\n\n\t\n\n<\/div>\n\t<div id=\"gap-1992695206\" class=\"gap-element clearfix\" style=\"display:block; height:auto;\">\n\t\t\n<style>\n#gap-1992695206 {\n  padding-top: 31px;\n}\n@media (min-width:550px) {\n  #gap-1992695206 {\n    padding-top: 80px;\n  }\n}\n<\/style>\n\t<\/div>\n\t\n\n<div class=\"row align-middle align-center\"  id=\"row-1599305564\">\n\n\n\t<div id=\"col-1826791530\" class=\"col medium-10 small-11 large-8\"  >\n\t\t\t\t<div class=\"col-inner text-left\"  >\n\t\t\t\n\t\t\t\n\n\n\n  <div class=\"banner has-hover\" id=\"banner-1419928997\">\n          <div class=\"banner-inner fill\">\n        <div class=\"banner-bg fill\" >\n            <img loading=\"lazy\" decoding=\"async\" width=\"1020\" height=\"574\" src=\"https:\/\/watercircles.no\/winterbergh\/wp-content\/uploads\/2026\/03\/Soknad-om-godkjenning-av-forerutviklingskurs-1024x576.jpg\" class=\"bg attachment-large size-large\" alt=\"S\u00f8knad om godkjenning av f\u00f8rerutviklingskurs\" \/>                                    \n                    <\/div>\n\t\t\n        <div class=\"banner-layers container\">\n            <div class=\"fill banner-link\"><\/div>            \n\n\n        <\/div>\n      <\/div>\n\n            \n<style>\n#banner-1419928997 {\n  padding-top: 56.25%;\n}\n<\/style>\n  <\/div>\n\n\n\n\t\t<\/div>\n\t\t\t\t\t<\/div>\n\n\t\n\n<\/div>\n<span class=\"scroll-to\" data-label=\"Scroll to: #les-mer\" data-bullet=\"false\" data-link=\"#les-mer\" data-title=\"les-mer\"><a name=\"les-mer\"><\/a><\/span>\n\n\t<div id=\"gap-522967733\" class=\"gap-element clearfix\" style=\"display:block; height:auto;\">\n\t\t\n<style>\n#gap-522967733 {\n  padding-top: 31px;\n}\n@media (min-width:550px) {\n  #gap-522967733 {\n    padding-top: 80px;\n  }\n}\n<\/style>\n\t<\/div>\n\t\n\n<div class=\"row align-center\"  id=\"row-1955316540\">\n\n\n\t<div id=\"col-1206919951\" class=\"col medium-10 small-11 large-8\"  >\n\t\t\t\t<div class=\"col-inner\"  >\n\t\t\t\n\t\t\t\n\n<p>Vi \u00f8nsker \u00e5 samarbeide med seri\u00f8se kursarrang\u00f8rer som tilbyr trygge og faglig gode f\u00f8rerutviklingskurs. For at et kurs skal kunne vurderes for godkjenning, m\u00e5 arrang\u00f8ren dokumentere b\u00e5de kompetanse, gjennomf\u00f8ringsevne og gode sikkerhetsrutiner.<\/p>\n\t<div id=\"gap-634502346\" class=\"gap-element clearfix\" style=\"display:block; height:auto;\">\n\t\t\n<style>\n#gap-634502346 {\n  padding-top: 30px;\n}\n<\/style>\n\t<\/div>\n\t\n\n<h2>Kvalifikasjoner og krav til gjennomf\u00f8ring<\/h2>\n<p>Arrang\u00f8ren m\u00e5 kunne vise til relevant erfaring og kompetanse innen f\u00f8reroppl\u00e6ring eller tilsvarende aktivitet. Instrukt\u00f8rer skal ha n\u00f8dvendig faglig bakgrunn og v\u00e6re tilgjengelige for tett oppf\u00f8lging av deltakerne. Bemanningen m\u00e5 v\u00e6re tilpasset gruppest\u00f8rrelsen, slik at sikkerhet og l\u00e6ringsutbytte ivaretas.<\/p>\n<p>Kurset skal planlegges og gjennomf\u00f8res i tr\u00e5d med gjeldende lover, forskrifter og anbefalte retningslinjer.<\/p>\n\t<div id=\"gap-1422213891\" class=\"gap-element clearfix\" style=\"display:block; height:auto;\">\n\t\t\n<style>\n#gap-1422213891 {\n  padding-top: 30px;\n}\n<\/style>\n\t<\/div>\n\t\n\n<h2>Informasjon vi trenger for \u00e5 behandle foresp\u00f8rselen<\/h2>\n<p>For at vi skal kunne gj\u00f8re en helhetlig vurdering, ber vi om at f\u00f8lgende sendes inn:<\/p>\n<ul>\n<li>Planlagt dato, tidspunkt og lokasjon<\/li>\n<li>Oversikt over kursinnhold og program<\/li>\n<li>Egenerkl\u00e6ring som signeres av deltakerne<\/li>\n<li>Antall instrukt\u00f8rer og forventet antall deltakere<\/li>\n<li>Beskrivelse av sikkerhetsrutiner, inkludert krav til utstyr og andre forebyggende tiltak<\/li>\n<li>Eventuell tilleggsinformasjon som kan v\u00e6re relevant for vurderingen<\/li>\n<\/ul>\n<p>Dokumentasjon sendes per e-post til\u00a0<a href=\"mailto:faguw@watercircles.no\">faguw@watercircles.no<\/a>.<\/p>\n<p>En godkjennelse gir b\u00e5de arrang\u00f8r og deltakere en ekstra trygghet rundt kursets kvalitet og gjennomf\u00f8ring.\u00a0<a href=\"https:\/\/watercircles.no\/winterbergh\/privat\/fordeler\/forerutviklingskurs-for-mc-og-bil\/\">Oversikten over godkjente kurs<\/a>\u00a0oppdateres l\u00f8pende, og vi anbefaler derfor \u00e5 sende inn n\u00f8dvendig informasjon i god tid f\u00f8r planlagt kursstart.<\/p>\n\t<div id=\"gap-1238699744\" class=\"gap-element clearfix\" style=\"display:block; height:auto;\">\n\t\t\n<style>\n#gap-1238699744 {\n  padding-top: 30px;\n}\n<\/style>\n\t<\/div>\n\t\n\n<span class=\"scroll-to\" data-label=\"Scroll to: #godkjenning\" data-bullet=\"false\" data-link=\"#godkjenning\" data-title=\"godkjenning\"><a name=\"godkjenning\"><\/a><\/span>\n\n\t<div id=\"gap-2139014065\" class=\"gap-element clearfix\" style=\"display:block; height:auto;\">\n\t\t\n<style>\n#gap-2139014065 {\n  padding-top: 50px;\n}\n<\/style>\n\t<\/div>\n\t\n\n<div class=\"row\"  id=\"row-403357283\">\n\n\n\n<\/div>\n\n\t\t<\/div>\n\t\t\t\t\t<\/div>\n\n\t\n\n<\/div>\n<div class=\"row align-middle align-center\"  id=\"row-1044632421\">\n\n\n\t<div id=\"col-238230674\" class=\"col medium-10 small-12 large-8\"  >\n\t\t\t\t<div class=\"col-inner\" style=\"background-color:#eca154;\" >\n\t\t\t\n\t\t\t\n\n<div class=\"row align-middle\"  id=\"row-722283714\">\n\n\n\t<div id=\"col-1746486437\" class=\"col medium-7 small-12 large-7\"  >\n\t\t\t\t<div class=\"col-inner\"  >\n\t\t\t\n\t\t\t\n\n<h2>Send inn dokumentasjon<\/h2>\n<p>For at vi skal kunne gj\u00f8re en helhetlig vurdering, kan dokumentasjon sendes per e-post til\u00a0<a href=\"mailto:faguw@watercircles.no\">faguw@watercircles.no<\/a><\/p>\n\n\t\t<\/div>\n\t\t\t\t\t<\/div>\n\n\t\n\n\t<div id=\"col-347343650\" class=\"col medium-5 small-12 large-5\"  >\n\t\t\t\t<div class=\"col-inner\"  >\n\t\t\t\n\t\t\t\n\n<a href=\"mailto:faguw@watercircles.no\" class=\"button primary is-large expand\" style=\"padding:7px 7px 7px 7px;\">\n\t\t<span>S\u00f8k om godkjenning<\/span>\n\t<\/a>\n\n\n\n\t\t<\/div>\n\t\t\t\t\t<\/div>\n\n\t\n\n<\/div>\n\n\t\t<\/div>\n\t\t\t\t\n<style>\n#col-238230674 > .col-inner {\n  padding: 50px 50px 0px 50px;\n}\n<\/style>\n\t<\/div>\n\n\t\n\n<\/div>\n\n\t\t<\/div>\n\n\t\t\n<style>\n#section_1947662085 {\n  padding-top: 31px;\n  padding-bottom: 31px;\n}\n@media (min-width:550px) {\n  #section_1947662085 {\n    padding-top: 80px;\n    padding-bottom: 80px;\n  }\n}\n<\/style>\n\t<\/section>\n\t\n\n","protected":false},"excerpt":{"rendered":"","protected":false},"author":3,"featured_media":4311,"parent":8,"menu_order":0,"comment_status":"closed","ping_status":"closed","template":"page-blank.php","meta":{"footnotes":""},"class_list":["post-4310","page","type-page","status-publish","has-post-thumbnail","hentry"],"yoast_head":"<!-- This site is optimized with the Yoast SEO plugin v27.3 - https:\/\/yoast.com\/product\/yoast-seo-wordpress\/ -->\n<title>S\u00f8knad om godkjenning av f\u00f8rerutviklingskurs ~ Winterbergh by WaterCircles<\/title>\n<meta name=\"robots\" content=\"index, follow, max-snippet:-1, max-image-preview:large, max-video-preview:-1\" \/>\n<link rel=\"canonical\" href=\"https:\/\/watercircles.no\/winterbergh\/privat\/soknad-om-godkjenning-av-forerutviklingskurs\/\" \/>\n<meta property=\"og:locale\" content=\"nb_NO\" \/>\n<meta property=\"og:type\" content=\"article\" \/>\n<meta property=\"og:title\" content=\"S\u00f8knad om godkjenning av f\u00f8rerutviklingskurs ~ Winterbergh by WaterCircles\" \/>\n<meta property=\"og:url\" content=\"https:\/\/watercircles.no\/winterbergh\/privat\/soknad-om-godkjenning-av-forerutviklingskurs\/\" \/>\n<meta property=\"og:site_name\" content=\"Winterbergh by WaterCircles\" \/>\n<meta property=\"article:modified_time\" content=\"2026-03-16T11:33:00+00:00\" \/>\n<meta property=\"og:image\" content=\"https:\/\/watercircles.no\/winterbergh\/wp-content\/uploads\/2022\/08\/Invitasjonsprogram.jpg\" \/>\n\t<meta property=\"og:image:width\" content=\"1920\" \/>\n\t<meta property=\"og:image:height\" content=\"1280\" \/>\n\t<meta property=\"og:image:type\" content=\"image\/jpeg\" \/>\n<meta name=\"twitter:card\" content=\"summary_large_image\" \/>\n<meta name=\"twitter:label1\" content=\"Ansl. lesetid\" \/>\n\t<meta name=\"twitter:data1\" content=\"3 minutter\" \/>\n<script type=\"application\/ld+json\" class=\"yoast-schema-graph\">{\"@context\":\"https:\\\/\\\/schema.org\",\"@graph\":[{\"@type\":\"WebPage\",\"@id\":\"https:\\\/\\\/watercircles.no\\\/winterbergh\\\/privat\\\/soknad-om-godkjenning-av-forerutviklingskurs\\\/\",\"url\":\"https:\\\/\\\/watercircles.no\\\/winterbergh\\\/privat\\\/soknad-om-godkjenning-av-forerutviklingskurs\\\/\",\"name\":\"S\u00f8knad om godkjenning av f\u00f8rerutviklingskurs ~ Winterbergh by WaterCircles\",\"isPartOf\":{\"@id\":\"https:\\\/\\\/watercircles.no\\\/winterbergh\\\/#website\"},\"primaryImageOfPage\":{\"@id\":\"https:\\\/\\\/watercircles.no\\\/winterbergh\\\/privat\\\/soknad-om-godkjenning-av-forerutviklingskurs\\\/#primaryimage\"},\"image\":{\"@id\":\"https:\\\/\\\/watercircles.no\\\/winterbergh\\\/privat\\\/soknad-om-godkjenning-av-forerutviklingskurs\\\/#primaryimage\"},\"thumbnailUrl\":\"https:\\\/\\\/watercircles.no\\\/winterbergh\\\/wp-content\\\/uploads\\\/2026\\\/03\\\/Soknad-om-godkjenning-av-forerutviklingskurs.jpg\",\"datePublished\":\"2026-03-12T14:06:58+00:00\",\"dateModified\":\"2026-03-16T11:33:00+00:00\",\"breadcrumb\":{\"@id\":\"https:\\\/\\\/watercircles.no\\\/winterbergh\\\/privat\\\/soknad-om-godkjenning-av-forerutviklingskurs\\\/#breadcrumb\"},\"inLanguage\":\"nb-NO\",\"potentialAction\":[{\"@type\":\"ReadAction\",\"target\":[\"https:\\\/\\\/watercircles.no\\\/winterbergh\\\/privat\\\/soknad-om-godkjenning-av-forerutviklingskurs\\\/\"]}]},{\"@type\":\"ImageObject\",\"inLanguage\":\"nb-NO\",\"@id\":\"https:\\\/\\\/watercircles.no\\\/winterbergh\\\/privat\\\/soknad-om-godkjenning-av-forerutviklingskurs\\\/#primaryimage\",\"url\":\"https:\\\/\\\/watercircles.no\\\/winterbergh\\\/wp-content\\\/uploads\\\/2026\\\/03\\\/Soknad-om-godkjenning-av-forerutviklingskurs.jpg\",\"contentUrl\":\"https:\\\/\\\/watercircles.no\\\/winterbergh\\\/wp-content\\\/uploads\\\/2026\\\/03\\\/Soknad-om-godkjenning-av-forerutviklingskurs.jpg\",\"width\":1920,\"height\":1080,\"caption\":\"S\u00f8knad om godkjenning av f\u00f8rerutviklingskurs\"},{\"@type\":\"BreadcrumbList\",\"@id\":\"https:\\\/\\\/watercircles.no\\\/winterbergh\\\/privat\\\/soknad-om-godkjenning-av-forerutviklingskurs\\\/#breadcrumb\",\"itemListElement\":[{\"@type\":\"ListItem\",\"position\":1,\"name\":\"Hjem\",\"item\":\"https:\\\/\\\/watercircles.no\\\/winterbergh\\\/\"},{\"@type\":\"ListItem\",\"position\":2,\"name\":\"Privat\",\"item\":\"https:\\\/\\\/watercircles.no\\\/winterbergh\\\/\"},{\"@type\":\"ListItem\",\"position\":3,\"name\":\"S\u00f8knad om godkjenning av f\u00f8rerutviklingskurs\"}]},{\"@type\":\"WebSite\",\"@id\":\"https:\\\/\\\/watercircles.no\\\/winterbergh\\\/#website\",\"url\":\"https:\\\/\\\/watercircles.no\\\/winterbergh\\\/\",\"name\":\"Winterbergh by WaterCircles\",\"description\":\"\u00abBy Invitation\u00bb program for spesielt inviterte kunder og bedrifter\",\"publisher\":{\"@id\":\"https:\\\/\\\/watercircles.no\\\/winterbergh\\\/#organization\"},\"potentialAction\":[{\"@type\":\"SearchAction\",\"target\":{\"@type\":\"EntryPoint\",\"urlTemplate\":\"https:\\\/\\\/watercircles.no\\\/winterbergh\\\/?s={search_term_string}\"},\"query-input\":{\"@type\":\"PropertyValueSpecification\",\"valueRequired\":true,\"valueName\":\"search_term_string\"}}],\"inLanguage\":\"nb-NO\"},{\"@type\":\"Organization\",\"@id\":\"https:\\\/\\\/watercircles.no\\\/winterbergh\\\/#organization\",\"name\":\"Winterbergh by WaterCircles\",\"url\":\"https:\\\/\\\/watercircles.no\\\/winterbergh\\\/\",\"logo\":{\"@type\":\"ImageObject\",\"inLanguage\":\"nb-NO\",\"@id\":\"https:\\\/\\\/watercircles.no\\\/winterbergh\\\/#\\\/schema\\\/logo\\\/image\\\/\",\"url\":\"https:\\\/\\\/watercircles.no\\\/winterbergh\\\/wp-content\\\/uploads\\\/2022\\\/05\\\/Winterbergh-WaterCircles-logo-svart-liggende-.png\",\"contentUrl\":\"https:\\\/\\\/watercircles.no\\\/winterbergh\\\/wp-content\\\/uploads\\\/2022\\\/05\\\/Winterbergh-WaterCircles-logo-svart-liggende-.png\",\"width\":982,\"height\":253,\"caption\":\"Winterbergh by WaterCircles\"},\"image\":{\"@id\":\"https:\\\/\\\/watercircles.no\\\/winterbergh\\\/#\\\/schema\\\/logo\\\/image\\\/\"}}]}<\/script>\n<!-- \/ Yoast SEO plugin. -->","yoast_head_json":{"title":"S\u00f8knad om godkjenning av f\u00f8rerutviklingskurs ~ Winterbergh by WaterCircles","robots":{"index":"index","follow":"follow","max-snippet":"max-snippet:-1","max-image-preview":"max-image-preview:large","max-video-preview":"max-video-preview:-1"},"canonical":"https:\/\/watercircles.no\/winterbergh\/privat\/soknad-om-godkjenning-av-forerutviklingskurs\/","og_locale":"nb_NO","og_type":"article","og_title":"S\u00f8knad om godkjenning av f\u00f8rerutviklingskurs ~ Winterbergh by WaterCircles","og_url":"https:\/\/watercircles.no\/winterbergh\/privat\/soknad-om-godkjenning-av-forerutviklingskurs\/","og_site_name":"Winterbergh by WaterCircles","article_modified_time":"2026-03-16T11:33:00+00:00","og_image":[{"width":1920,"height":1280,"url":"https:\/\/watercircles.no\/winterbergh\/wp-content\/uploads\/2022\/08\/Invitasjonsprogram.jpg","type":"image\/jpeg"}],"twitter_card":"summary_large_image","twitter_misc":{"Ansl. lesetid":"3 minutter"},"schema":{"@context":"https:\/\/schema.org","@graph":[{"@type":"WebPage","@id":"https:\/\/watercircles.no\/winterbergh\/privat\/soknad-om-godkjenning-av-forerutviklingskurs\/","url":"https:\/\/watercircles.no\/winterbergh\/privat\/soknad-om-godkjenning-av-forerutviklingskurs\/","name":"S\u00f8knad om godkjenning av f\u00f8rerutviklingskurs ~ Winterbergh by WaterCircles","isPartOf":{"@id":"https:\/\/watercircles.no\/winterbergh\/#website"},"primaryImageOfPage":{"@id":"https:\/\/watercircles.no\/winterbergh\/privat\/soknad-om-godkjenning-av-forerutviklingskurs\/#primaryimage"},"image":{"@id":"https:\/\/watercircles.no\/winterbergh\/privat\/soknad-om-godkjenning-av-forerutviklingskurs\/#primaryimage"},"thumbnailUrl":"https:\/\/watercircles.no\/winterbergh\/wp-content\/uploads\/2026\/03\/Soknad-om-godkjenning-av-forerutviklingskurs.jpg","datePublished":"2026-03-12T14:06:58+00:00","dateModified":"2026-03-16T11:33:00+00:00","breadcrumb":{"@id":"https:\/\/watercircles.no\/winterbergh\/privat\/soknad-om-godkjenning-av-forerutviklingskurs\/#breadcrumb"},"inLanguage":"nb-NO","potentialAction":[{"@type":"ReadAction","target":["https:\/\/watercircles.no\/winterbergh\/privat\/soknad-om-godkjenning-av-forerutviklingskurs\/"]}]},{"@type":"ImageObject","inLanguage":"nb-NO","@id":"https:\/\/watercircles.no\/winterbergh\/privat\/soknad-om-godkjenning-av-forerutviklingskurs\/#primaryimage","url":"https:\/\/watercircles.no\/winterbergh\/wp-content\/uploads\/2026\/03\/Soknad-om-godkjenning-av-forerutviklingskurs.jpg","contentUrl":"https:\/\/watercircles.no\/winterbergh\/wp-content\/uploads\/2026\/03\/Soknad-om-godkjenning-av-forerutviklingskurs.jpg","width":1920,"height":1080,"caption":"S\u00f8knad om godkjenning av f\u00f8rerutviklingskurs"},{"@type":"BreadcrumbList","@id":"https:\/\/watercircles.no\/winterbergh\/privat\/soknad-om-godkjenning-av-forerutviklingskurs\/#breadcrumb","itemListElement":[{"@type":"ListItem","position":1,"name":"Hjem","item":"https:\/\/watercircles.no\/winterbergh\/"},{"@type":"ListItem","position":2,"name":"Privat","item":"https:\/\/watercircles.no\/winterbergh\/"},{"@type":"ListItem","position":3,"name":"S\u00f8knad om godkjenning av f\u00f8rerutviklingskurs"}]},{"@type":"WebSite","@id":"https:\/\/watercircles.no\/winterbergh\/#website","url":"https:\/\/watercircles.no\/winterbergh\/","name":"Winterbergh by WaterCircles","description":"\u00abBy Invitation\u00bb program for spesielt inviterte kunder og bedrifter","publisher":{"@id":"https:\/\/watercircles.no\/winterbergh\/#organization"},"potentialAction":[{"@type":"SearchAction","target":{"@type":"EntryPoint","urlTemplate":"https:\/\/watercircles.no\/winterbergh\/?s={search_term_string}"},"query-input":{"@type":"PropertyValueSpecification","valueRequired":true,"valueName":"search_term_string"}}],"inLanguage":"nb-NO"},{"@type":"Organization","@id":"https:\/\/watercircles.no\/winterbergh\/#organization","name":"Winterbergh by WaterCircles","url":"https:\/\/watercircles.no\/winterbergh\/","logo":{"@type":"ImageObject","inLanguage":"nb-NO","@id":"https:\/\/watercircles.no\/winterbergh\/#\/schema\/logo\/image\/","url":"https:\/\/watercircles.no\/winterbergh\/wp-content\/uploads\/2022\/05\/Winterbergh-WaterCircles-logo-svart-liggende-.png","contentUrl":"https:\/\/watercircles.no\/winterbergh\/wp-content\/uploads\/2022\/05\/Winterbergh-WaterCircles-logo-svart-liggende-.png","width":982,"height":253,"caption":"Winterbergh by WaterCircles"},"image":{"@id":"https:\/\/watercircles.no\/winterbergh\/#\/schema\/logo\/image\/"}}]}},"_links":{"self":[{"href":"https:\/\/watercircles.no\/winterbergh\/wp-json\/wp\/v2\/pages\/4310","targetHints":{"allow":["GET"]}}],"collection":[{"href":"https:\/\/watercircles.no\/winterbergh\/wp-json\/wp\/v2\/pages"}],"about":[{"href":"https:\/\/watercircles.no\/winterbergh\/wp-json\/wp\/v2\/types\/page"}],"author":[{"embeddable":true,"href":"https:\/\/watercircles.no\/winterbergh\/wp-json\/wp\/v2\/users\/3"}],"replies":[{"embeddable":true,"href":"https:\/\/watercircles.no\/winterbergh\/wp-json\/wp\/v2\/comments?post=4310"}],"version-history":[{"count":4,"href":"https:\/\/watercircles.no\/winterbergh\/wp-json\/wp\/v2\/pages\/4310\/revisions"}],"predecessor-version":[{"id":4318,"href":"https:\/\/watercircles.no\/winterbergh\/wp-json\/wp\/v2\/pages\/4310\/revisions\/4318"}],"up":[{"embeddable":true,"href":"https:\/\/watercircles.no\/winterbergh\/wp-json\/wp\/v2\/pages\/8"}],"wp:featuredmedia":[{"embeddable":true,"href":"https:\/\/watercircles.no\/winterbergh\/wp-json\/wp\/v2\/media\/4311"}],"wp:attachment":[{"href":"https:\/\/watercircles.no\/winterbergh\/wp-json\/wp\/v2\/media?parent=4310"}],"curies":[{"name":"wp","href":"https:\/\/api.w.org\/{rel}","templated":true}]}}