{"id":834,"date":"2022-06-08T10:20:38","date_gmt":"2022-06-08T08:20:38","guid":{"rendered":"https:\/\/winterbergh.fw3.no\/?page_id=834"},"modified":"2024-08-23T15:47:59","modified_gmt":"2024-08-23T13:47:59","slug":"helsetelefon","status":"publish","type":"page","link":"https:\/\/watercircles.no\/winterbergh\/privat\/fordeler\/helsetelefon\/","title":{"rendered":"Helsetelefonen"},"content":{"rendered":"\n\n\t<section class=\"section\" id=\"section_1201807430\">\n\t\t<div class=\"section-bg fill\" >\n\t\t\t\t\t\t\t\t\t\n\t\t\t\n\n\t\t<\/div>\n\n\t\t\n\n\t\t<div class=\"section-content relative\">\n\t\t\t\n\n<div class=\"row align-center\"  id=\"row-780293097\">\n\n\n\t<div id=\"col-1910471470\" class=\"col medium-10 small-11 large-8\"  >\n\t\t\t\t<div class=\"col-inner text-left\"  >\n\t\t\t\n\t\t\t\n\n<div class=\"row row-collapse\"  id=\"row-502531744\">\n\n\n\t<div id=\"col-1512431333\" class=\"col medium-4 small-4 large-4\"  >\n\t\t\t\t<div class=\"col-inner\"  >\n\t\t\t\n\t\t\t\n\n<div class=\"is-divider divider clearfix\" style=\"max-width:70px;background-color:rgb(236, 161, 84);\"><\/div>\n\n\n\t\t<\/div>\n\t\t\t\t\t<\/div>\n\n\t\n\n\t<div id=\"col-1909713692\" class=\"col medium-8 small-8 large-8\"  >\n\t\t\t\t<div class=\"col-inner\"  >\n\t\t\t\n\t\t\t\n\n\t<div id=\"text-4217874103\" class=\"text\">\n\t\t\n\n<p style=\"text-align: right;\"><span style=\"font-size: 100%;\"><a href=\"https:\/\/watercircles.no\/winterbergh\/\">Privat<\/a>\u00a0 <span style=\"font-size: 80%; color: #eca154;\"><i class=\"fas fa-chevron-right \" ><\/i><\/span>\u00a0 <a href=\"https:\/\/watercircles.no\/winterbergh\/privat\/fordeler\/\">Fordeler<\/a> <span style=\"font-size: 80%; color: #eca154;\"><i class=\"fas fa-chevron-right \" ><\/i><\/span><\/span><\/p>\n\t\t\n<style>\n#text-4217874103 {\n  font-size: 0.75rem;\n}\n@media (min-width:550px) {\n  #text-4217874103 {\n    font-size: 1rem;\n  }\n}\n<\/style>\n\t<\/div>\n\t\n\n\n\t\t<\/div>\n\t\t\t\t\t<\/div>\n\n\t\n\n<\/div>\n\t<div id=\"text-951101725\" class=\"text\">\n\t\t\n\n<h1 style=\"text-align: left;\"><span style=\"font-size: 100%;\">Helsetelefonen<\/span><\/h1>\n<p>Winterbergh Helsetelefons r\u00e5dgivningstjeneste betjenes av spesialtrente og erfarne sykepleiere 24 timer i d\u00f8gnet \u00e5ret rundt. Lege er tilgjengelig i tidsrommet 08.00-22.00 alle dager. Winterbergh Helsetelefon er inkludert i avtalen til alle Winterbergh kunder.<\/p>\n\t\t\n<style>\n#text-951101725 {\n  font-size: 1.1rem;\n}\n@media (min-width:550px) {\n  #text-951101725 {\n    font-size: 1.2rem;\n  }\n}\n@media (min-width:850px) {\n  #text-951101725 {\n    font-size: 1.5rem;\n  }\n}\n<\/style>\n\t<\/div>\n\t\n\t<div id=\"gap-230270631\" class=\"gap-element clearfix\" style=\"display:block; height:auto;\">\n\t\t\n<style>\n#gap-230270631 {\n  padding-top: 20px;\n}\n<\/style>\n\t<\/div>\n\t\n\n\t<div id=\"stack-1412808837\" class=\"stack stack-row justify-start items-stretch sm:stack-col md:stack-col\">\n\t\t\n\n<a href=\"#les-mer\" class=\"button primary\" style=\"padding:6px 30px 7px 30px;\">\n\t\t<span>Les mer<\/span>\n\t<\/a>\n\n\n<a href=\"tel:%20+4722139136\" class=\"button secondary\" style=\"padding:6px 30px 7px 30px;\">\n\t\t<span>Ring Helsetelefonen: (+47) 22 13 91 36<\/span>\n\t<\/a>\n\n\n\n\t\t\n<style>\n#stack-1412808837 > * {\n  --stack-gap: 1rem;\n}\n<\/style>\n\t<\/div>\n\t\n\n\t\t<\/div>\n\t\t\t\t\t<\/div>\n\n\t\n\n<\/div>\n\t<div id=\"gap-1851209173\" class=\"gap-element clearfix\" style=\"display:block; height:auto;\">\n\t\t\n<style>\n#gap-1851209173 {\n  padding-top: 31px;\n}\n@media (min-width:550px) {\n  #gap-1851209173 {\n    padding-top: 80px;\n  }\n}\n<\/style>\n\t<\/div>\n\t\n\n<div class=\"row align-middle align-center\"  id=\"row-1634107960\">\n\n\n\t<div id=\"col-1560297860\" class=\"col medium-10 small-11 large-8\"  >\n\t\t\t\t<div class=\"col-inner text-left\"  >\n\t\t\t\n\t\t\t\n\n\n  <div class=\"banner has-hover\" id=\"banner-1617256152\">\n          <div class=\"banner-inner fill\">\n        <div class=\"banner-bg fill\" >\n            <img loading=\"lazy\" decoding=\"async\" width=\"1920\" height=\"1080\" src=\"https:\/\/watercircles.no\/winterbergh\/wp-content\/uploads\/2023\/02\/Helsetelefornen-Winterbergh16-9-1.jpg\" class=\"bg attachment-original size-original\" alt=\"En kvinne i hvit frakk smiler med instruksjon av installasjon av helsetelfon app p\u00e5 telefon\" \/>                        <div class=\"overlay\"><\/div>            \n                    <\/div>\n\t\t\n        <div class=\"banner-layers container\">\n            <div class=\"fill banner-link\"><\/div>            \n\n\n        <\/div>\n      <\/div>\n\n            \n<style>\n#banner-1617256152 {\n  padding-top: 56.25%;\n}\n#banner-1617256152 .overlay {\n  background-color: rgba(21, 95, 88, 0);\n}\n#banner-1617256152 .banner-bg img {\n  object-position: 0% 100%;\n}\n@media (min-width:550px) {\n  #banner-1617256152 {\n    padding-top: 56.25%;\n  }\n}\n@media (min-width:850px) {\n  #banner-1617256152 {\n    padding-top: 56.25%;\n  }\n}\n<\/style>\n  <\/div>\n\n\n\n\t\t<\/div>\n\t\t\t\t\t<\/div>\n\n\t\n\n<\/div>\n<span class=\"scroll-to\" data-label=\"Scroll to: #les-mer\" data-bullet=\"false\" data-link=\"#les-mer\" data-title=\"les-mer\"><a name=\"les-mer\"><\/a><\/span>\n\n\t<div id=\"gap-1415313327\" class=\"gap-element clearfix\" style=\"display:block; height:auto;\">\n\t\t\n<style>\n#gap-1415313327 {\n  padding-top: 31px;\n}\n@media (min-width:550px) {\n  #gap-1415313327 {\n    padding-top: 80px;\n  }\n}\n<\/style>\n\t<\/div>\n\t\n\n<div class=\"row align-center\"  id=\"row-1343674924\">\n\n\n\t<div id=\"col-1294181871\" class=\"col medium-10 small-11 large-8\"  >\n\t\t\t\t<div class=\"col-inner\"  >\n\t\t\t\n\t\t\t\n\n<p>Er du lei av lange ventelister og k\u00f8 for \u00e5 n\u00e5 fastlegen? Med WaterCircles helsetelefon sparer du b\u00e5de tid og penger, og du f\u00e5r rask hjelp, r\u00e5d og veiledning p\u00e5 det tidspunktet som passer deg. Digital helsehjelp gir trygghet og fleksibilitet, om du er hjemme, p\u00e5 hytta eller p\u00e5 reise utenlands.<\/p>\n<p>N\u00e5r du ringer Helsetelefonen er det ingen ventetid. I de fleste tilfeller f\u00e5r du svar innen 45 sekunder. F\u00e5r du ikke det, kan du legge igjen nummeret ditt, s\u00e5 vil en sykepleier ringe tilbake innen sv\u00e6rt kort tid.<\/p>\n<p>Alle henvendelser blir besvart av sykepleiere og leger med minst ti \u00e5rs erfaring fra sykehus, legevakt eller allmenn legepraksis. Ansatte i Helsetelefonen har tillegg f\u00e5tt omfattende spesialoppl\u00e6ring for \u00e5 kunne gi trygge og gode konsultasjoner over telefon og internett.<\/p>\n<p>Snakk med sykepleier og lege p\u00e5 telefon, chat eller video. Vi anbefaler deg \u00e5 lagre nummeret til WaterCircles Helsetelefon\u00a0<a href=\"tel: +4722139137\"><strong>22 13 91 37<\/strong><\/a>, og laste ned Helsetelefonen-appen.<\/p>\n\t<div id=\"gap-133884519\" class=\"gap-element clearfix\" style=\"display:block; height:auto;\">\n\t\t\n<style>\n#gap-133884519 {\n  padding-top: 30px;\n}\n<\/style>\n\t<\/div>\n\t\n\n<h3>Vi kan hjelpe deg med blant annet:<\/h3>\n<ul class=\"t-ul--checkmarks\">\n<li class=\"lead\">Online konsultasjon ved behov<\/li>\n<li class=\"lead\">Spar tid og penger ved \u00e5 slippe\u00a0un\u00f8dvendige bes\u00f8k hos lege og legevakt<\/li>\n<li class=\"lead\">Snakk med norske leger p\u00e5 telefon og video ogs\u00e5 n\u00e5r du er p\u00e5 ferie i utlandet<\/li>\n<li class=\"lead\">Psykisk helsehjelp<\/li>\n<li class=\"lead\">Veiledning til offentlige og private helsetjenester<\/li>\n<li class=\"lead\">Svarer deg p\u00e5 sp\u00f8rsm\u00e5l i forbindelse med graviditet og f\u00f8dsel.<\/li>\n<li class=\"lead\">Henvisning til spesialist<\/li>\n<li class=\"lead\">Resept p\u00e5 medisiner<\/li>\n<li>Legeerkl\u00e6ring for gyldig frav\u00e6r i videreg\u00e5ende skole<\/li>\n<\/ul>\n\t<div id=\"gap-591071101\" class=\"gap-element clearfix\" style=\"display:block; height:auto;\">\n\t\t\n<style>\n#gap-591071101 {\n  padding-top: 30px;\n}\n<\/style>\n\t<\/div>\n\t\n\n<div class=\"row align-center\"  id=\"row-1677029060\">\n\n\n\t<div id=\"col-1053476411\" class=\"col medium-10 small-11 large-12\"  >\n\t\t\t\t<div class=\"col-inner\" style=\"background-color:rgb(236, 161, 84);\" >\n\t\t\t\n\t\t\t\n\n<div class=\"row\"  id=\"row-640836454\">\n\n\n\t<div id=\"col-1998333070\" class=\"col medium-12 small-12 large-6\"  >\n\t\t\t\t<div class=\"col-inner\"  >\n\t\t\t\n\t\t\t\n\n<h3><span style=\"font-size: 100%;\">Kontakt Helsetelefonen<\/span><\/h3>\n<p>Ring Helsetelefonen p\u00e5: <a href=\"tel: +4722139137\"><strong>22 13 91 37<\/strong><\/a><\/p>\n<p>Send e-post til: <strong><a href=\"mailto:info@helsetelefonen.no\">info@helsetelefonen.no<\/a><\/strong><\/p>\n<p>Helsetelefonen er \u00e5pen 24\/7 - 365 dager i \u00e5ret.<\/p>\n\n\t\t<\/div>\n\t\t\t\t\t<\/div>\n\n\t\n\n\t<div id=\"col-1672613004\" class=\"col medium-12 small-12 large-6\"  >\n\t\t\t\t<div class=\"col-inner\"  >\n\t\t\t\n\t\t\t\n\n\t<div id=\"text-1125520463\" class=\"text\">\n\t\t\n\n<h3><span style=\"font-size: 100%;\">Last ned Helsetelefonen-appen!<\/span><\/h3>\n\t\t\n<style>\n#text-1125520463 {\n  font-size: 0.8rem;\n}\n<\/style>\n\t<\/div>\n\t\n\t<div id=\"gap-1129432896\" class=\"gap-element clearfix\" style=\"display:block; height:auto;\">\n\t\t\n<style>\n#gap-1129432896 {\n  padding-top: 20px;\n}\n<\/style>\n\t<\/div>\n\t\n\n\t<div id=\"stack-2197214456\" class=\"stack stack-col justify-start items-stretch sm:stack-col\">\n\t\t\n\n<a href=\"https:\/\/apps.apple.com\/us\/app\/helsetelefonen\/id1598147993\" target=\"_blank\" class=\"button primary\" rel=\"noopener\" >\n\t\t<span>Helsetelefonen for iOS<\/span>\n\t<\/a>\n\n\n<a href=\"https:\/\/play.google.com\/store\/apps\/details?id=com.entirebody.helsetelefonen&#038;amp;hl=NO\" target=\"_blank\" class=\"button primary\" rel=\"noopener\" >\n\t\t<span>Helsetelefonen for Android<\/span>\n\t<\/a>\n\n\n\n\t\t\n<style>\n#stack-2197214456 > * {\n  --stack-gap: 1.5rem;\n}\n<\/style>\n\t<\/div>\n\t\n\n\t\t<\/div>\n\t\t\t\t\t<\/div>\n\n\t\n\n<\/div>\n\n\t\t<\/div>\n\t\t\t\t\n<style>\n#col-1053476411 > .col-inner {\n  padding: 40px 35px 0px 35px;\n}\n<\/style>\n\t<\/div>\n\n\t\n\n<\/div>\n\n\n\t\t<\/div>\n\t\t\t\t\t<\/div>\n\n\t\n\n<\/div>\n\n\t\t<\/div>\n\n\t\t\n<style>\n#section_1201807430 {\n  padding-top: 31px;\n  padding-bottom: 31px;\n}\n@media (min-width:550px) {\n  #section_1201807430 {\n    padding-top: 80px;\n    padding-bottom: 80px;\n  }\n}\n<\/style>\n\t<\/section>\n\t\n\n","protected":false},"excerpt":{"rendered":"","protected":false},"author":1,"featured_media":3409,"parent":2986,"menu_order":0,"comment_status":"closed","ping_status":"closed","template":"page-blank.php","meta":{"footnotes":""},"class_list":["post-834","page","type-page","status-publish","has-post-thumbnail","hentry"],"yoast_head":"<!-- This site is optimized with the Yoast SEO plugin v27.3 - https:\/\/yoast.com\/product\/yoast-seo-wordpress\/ -->\n<title>Helsetelefonen ~ Winterbergh by WaterCircles<\/title>\n<meta name=\"robots\" content=\"index, follow, max-snippet:-1, max-image-preview:large, max-video-preview:-1\" \/>\n<link rel=\"canonical\" href=\"https:\/\/watercircles.no\/winterbergh\/privat\/fordeler\/helsetelefon\/\" \/>\n<meta property=\"og:locale\" content=\"nb_NO\" \/>\n<meta property=\"og:type\" content=\"article\" \/>\n<meta property=\"og:title\" content=\"Helsetelefonen ~ Winterbergh by WaterCircles\" \/>\n<meta property=\"og:url\" content=\"https:\/\/watercircles.no\/winterbergh\/privat\/fordeler\/helsetelefon\/\" \/>\n<meta property=\"og:site_name\" content=\"Winterbergh by WaterCircles\" \/>\n<meta property=\"article:modified_time\" content=\"2024-08-23T13:47:59+00:00\" \/>\n<meta property=\"og:image\" content=\"https:\/\/watercircles.no\/winterbergh\/wp-content\/uploads\/2024\/06\/Helsetelefornen-Winterbergh16-9.jpg\" \/>\n\t<meta property=\"og:image:width\" content=\"1920\" \/>\n\t<meta property=\"og:image:height\" content=\"1080\" \/>\n\t<meta property=\"og:image:type\" content=\"image\/jpeg\" \/>\n<meta name=\"twitter:card\" content=\"summary_large_image\" \/>\n<meta name=\"twitter:label1\" content=\"Ansl. lesetid\" \/>\n\t<meta name=\"twitter:data1\" content=\"3 minutter\" \/>\n<script type=\"application\/ld+json\" class=\"yoast-schema-graph\">{\"@context\":\"https:\\\/\\\/schema.org\",\"@graph\":[{\"@type\":\"WebPage\",\"@id\":\"https:\\\/\\\/watercircles.no\\\/winterbergh\\\/privat\\\/fordeler\\\/helsetelefon\\\/\",\"url\":\"https:\\\/\\\/watercircles.no\\\/winterbergh\\\/privat\\\/fordeler\\\/helsetelefon\\\/\",\"name\":\"Helsetelefonen ~ Winterbergh by WaterCircles\",\"isPartOf\":{\"@id\":\"https:\\\/\\\/watercircles.no\\\/winterbergh\\\/#website\"},\"primaryImageOfPage\":{\"@id\":\"https:\\\/\\\/watercircles.no\\\/winterbergh\\\/privat\\\/fordeler\\\/helsetelefon\\\/#primaryimage\"},\"image\":{\"@id\":\"https:\\\/\\\/watercircles.no\\\/winterbergh\\\/privat\\\/fordeler\\\/helsetelefon\\\/#primaryimage\"},\"thumbnailUrl\":\"https:\\\/\\\/watercircles.no\\\/winterbergh\\\/wp-content\\\/uploads\\\/2024\\\/06\\\/Helsetelefornen-Winterbergh16-9.jpg\",\"datePublished\":\"2022-06-08T08:20:38+00:00\",\"dateModified\":\"2024-08-23T13:47:59+00:00\",\"breadcrumb\":{\"@id\":\"https:\\\/\\\/watercircles.no\\\/winterbergh\\\/privat\\\/fordeler\\\/helsetelefon\\\/#breadcrumb\"},\"inLanguage\":\"nb-NO\",\"potentialAction\":[{\"@type\":\"ReadAction\",\"target\":[\"https:\\\/\\\/watercircles.no\\\/winterbergh\\\/privat\\\/fordeler\\\/helsetelefon\\\/\"]}]},{\"@type\":\"ImageObject\",\"inLanguage\":\"nb-NO\",\"@id\":\"https:\\\/\\\/watercircles.no\\\/winterbergh\\\/privat\\\/fordeler\\\/helsetelefon\\\/#primaryimage\",\"url\":\"https:\\\/\\\/watercircles.no\\\/winterbergh\\\/wp-content\\\/uploads\\\/2024\\\/06\\\/Helsetelefornen-Winterbergh16-9.jpg\",\"contentUrl\":\"https:\\\/\\\/watercircles.no\\\/winterbergh\\\/wp-content\\\/uploads\\\/2024\\\/06\\\/Helsetelefornen-Winterbergh16-9.jpg\",\"width\":1920,\"height\":1080,\"caption\":\"En kvinne i hvit frakk smiler med instruksjon av installasjon av helsetelfon app p\u00e5 telefon\"},{\"@type\":\"BreadcrumbList\",\"@id\":\"https:\\\/\\\/watercircles.no\\\/winterbergh\\\/privat\\\/fordeler\\\/helsetelefon\\\/#breadcrumb\",\"itemListElement\":[{\"@type\":\"ListItem\",\"position\":1,\"name\":\"Hjem\",\"item\":\"https:\\\/\\\/watercircles.no\\\/winterbergh\\\/\"},{\"@type\":\"ListItem\",\"position\":2,\"name\":\"Privat\",\"item\":\"https:\\\/\\\/watercircles.no\\\/winterbergh\\\/\"},{\"@type\":\"ListItem\",\"position\":3,\"name\":\"Fordeler\",\"item\":\"https:\\\/\\\/watercircles.no\\\/winterbergh\\\/privat\\\/fordeler\\\/\"},{\"@type\":\"ListItem\",\"position\":4,\"name\":\"Helsetelefonen\"}]},{\"@type\":\"WebSite\",\"@id\":\"https:\\\/\\\/watercircles.no\\\/winterbergh\\\/#website\",\"url\":\"https:\\\/\\\/watercircles.no\\\/winterbergh\\\/\",\"name\":\"Winterbergh by WaterCircles\",\"description\":\"\u00abBy Invitation\u00bb program for spesielt inviterte kunder og bedrifter\",\"publisher\":{\"@id\":\"https:\\\/\\\/watercircles.no\\\/winterbergh\\\/#organization\"},\"potentialAction\":[{\"@type\":\"SearchAction\",\"target\":{\"@type\":\"EntryPoint\",\"urlTemplate\":\"https:\\\/\\\/watercircles.no\\\/winterbergh\\\/?s={search_term_string}\"},\"query-input\":{\"@type\":\"PropertyValueSpecification\",\"valueRequired\":true,\"valueName\":\"search_term_string\"}}],\"inLanguage\":\"nb-NO\"},{\"@type\":\"Organization\",\"@id\":\"https:\\\/\\\/watercircles.no\\\/winterbergh\\\/#organization\",\"name\":\"Winterbergh by WaterCircles\",\"url\":\"https:\\\/\\\/watercircles.no\\\/winterbergh\\\/\",\"logo\":{\"@type\":\"ImageObject\",\"inLanguage\":\"nb-NO\",\"@id\":\"https:\\\/\\\/watercircles.no\\\/winterbergh\\\/#\\\/schema\\\/logo\\\/image\\\/\",\"url\":\"https:\\\/\\\/watercircles.no\\\/winterbergh\\\/wp-content\\\/uploads\\\/2022\\\/05\\\/Winterbergh-WaterCircles-logo-svart-liggende-.png\",\"contentUrl\":\"https:\\\/\\\/watercircles.no\\\/winterbergh\\\/wp-content\\\/uploads\\\/2022\\\/05\\\/Winterbergh-WaterCircles-logo-svart-liggende-.png\",\"width\":982,\"height\":253,\"caption\":\"Winterbergh by WaterCircles\"},\"image\":{\"@id\":\"https:\\\/\\\/watercircles.no\\\/winterbergh\\\/#\\\/schema\\\/logo\\\/image\\\/\"}}]}<\/script>\n<!-- \/ Yoast SEO plugin. -->","yoast_head_json":{"title":"Helsetelefonen ~ Winterbergh by WaterCircles","robots":{"index":"index","follow":"follow","max-snippet":"max-snippet:-1","max-image-preview":"max-image-preview:large","max-video-preview":"max-video-preview:-1"},"canonical":"https:\/\/watercircles.no\/winterbergh\/privat\/fordeler\/helsetelefon\/","og_locale":"nb_NO","og_type":"article","og_title":"Helsetelefonen ~ Winterbergh by WaterCircles","og_url":"https:\/\/watercircles.no\/winterbergh\/privat\/fordeler\/helsetelefon\/","og_site_name":"Winterbergh by WaterCircles","article_modified_time":"2024-08-23T13:47:59+00:00","og_image":[{"width":1920,"height":1080,"url":"https:\/\/watercircles.no\/winterbergh\/wp-content\/uploads\/2024\/06\/Helsetelefornen-Winterbergh16-9.jpg","type":"image\/jpeg"}],"twitter_card":"summary_large_image","twitter_misc":{"Ansl. lesetid":"3 minutter"},"schema":{"@context":"https:\/\/schema.org","@graph":[{"@type":"WebPage","@id":"https:\/\/watercircles.no\/winterbergh\/privat\/fordeler\/helsetelefon\/","url":"https:\/\/watercircles.no\/winterbergh\/privat\/fordeler\/helsetelefon\/","name":"Helsetelefonen ~ Winterbergh by WaterCircles","isPartOf":{"@id":"https:\/\/watercircles.no\/winterbergh\/#website"},"primaryImageOfPage":{"@id":"https:\/\/watercircles.no\/winterbergh\/privat\/fordeler\/helsetelefon\/#primaryimage"},"image":{"@id":"https:\/\/watercircles.no\/winterbergh\/privat\/fordeler\/helsetelefon\/#primaryimage"},"thumbnailUrl":"https:\/\/watercircles.no\/winterbergh\/wp-content\/uploads\/2024\/06\/Helsetelefornen-Winterbergh16-9.jpg","datePublished":"2022-06-08T08:20:38+00:00","dateModified":"2024-08-23T13:47:59+00:00","breadcrumb":{"@id":"https:\/\/watercircles.no\/winterbergh\/privat\/fordeler\/helsetelefon\/#breadcrumb"},"inLanguage":"nb-NO","potentialAction":[{"@type":"ReadAction","target":["https:\/\/watercircles.no\/winterbergh\/privat\/fordeler\/helsetelefon\/"]}]},{"@type":"ImageObject","inLanguage":"nb-NO","@id":"https:\/\/watercircles.no\/winterbergh\/privat\/fordeler\/helsetelefon\/#primaryimage","url":"https:\/\/watercircles.no\/winterbergh\/wp-content\/uploads\/2024\/06\/Helsetelefornen-Winterbergh16-9.jpg","contentUrl":"https:\/\/watercircles.no\/winterbergh\/wp-content\/uploads\/2024\/06\/Helsetelefornen-Winterbergh16-9.jpg","width":1920,"height":1080,"caption":"En kvinne i hvit frakk smiler med instruksjon av installasjon av helsetelfon app p\u00e5 telefon"},{"@type":"BreadcrumbList","@id":"https:\/\/watercircles.no\/winterbergh\/privat\/fordeler\/helsetelefon\/#breadcrumb","itemListElement":[{"@type":"ListItem","position":1,"name":"Hjem","item":"https:\/\/watercircles.no\/winterbergh\/"},{"@type":"ListItem","position":2,"name":"Privat","item":"https:\/\/watercircles.no\/winterbergh\/"},{"@type":"ListItem","position":3,"name":"Fordeler","item":"https:\/\/watercircles.no\/winterbergh\/privat\/fordeler\/"},{"@type":"ListItem","position":4,"name":"Helsetelefonen"}]},{"@type":"WebSite","@id":"https:\/\/watercircles.no\/winterbergh\/#website","url":"https:\/\/watercircles.no\/winterbergh\/","name":"Winterbergh by WaterCircles","description":"\u00abBy Invitation\u00bb program for spesielt inviterte kunder og bedrifter","publisher":{"@id":"https:\/\/watercircles.no\/winterbergh\/#organization"},"potentialAction":[{"@type":"SearchAction","target":{"@type":"EntryPoint","urlTemplate":"https:\/\/watercircles.no\/winterbergh\/?s={search_term_string}"},"query-input":{"@type":"PropertyValueSpecification","valueRequired":true,"valueName":"search_term_string"}}],"inLanguage":"nb-NO"},{"@type":"Organization","@id":"https:\/\/watercircles.no\/winterbergh\/#organization","name":"Winterbergh by WaterCircles","url":"https:\/\/watercircles.no\/winterbergh\/","logo":{"@type":"ImageObject","inLanguage":"nb-NO","@id":"https:\/\/watercircles.no\/winterbergh\/#\/schema\/logo\/image\/","url":"https:\/\/watercircles.no\/winterbergh\/wp-content\/uploads\/2022\/05\/Winterbergh-WaterCircles-logo-svart-liggende-.png","contentUrl":"https:\/\/watercircles.no\/winterbergh\/wp-content\/uploads\/2022\/05\/Winterbergh-WaterCircles-logo-svart-liggende-.png","width":982,"height":253,"caption":"Winterbergh by WaterCircles"},"image":{"@id":"https:\/\/watercircles.no\/winterbergh\/#\/schema\/logo\/image\/"}}]}},"_links":{"self":[{"href":"https:\/\/watercircles.no\/winterbergh\/wp-json\/wp\/v2\/pages\/834","targetHints":{"allow":["GET"]}}],"collection":[{"href":"https:\/\/watercircles.no\/winterbergh\/wp-json\/wp\/v2\/pages"}],"about":[{"href":"https:\/\/watercircles.no\/winterbergh\/wp-json\/wp\/v2\/types\/page"}],"author":[{"embeddable":true,"href":"https:\/\/watercircles.no\/winterbergh\/wp-json\/wp\/v2\/users\/1"}],"replies":[{"embeddable":true,"href":"https:\/\/watercircles.no\/winterbergh\/wp-json\/wp\/v2\/comments?post=834"}],"version-history":[{"count":15,"href":"https:\/\/watercircles.no\/winterbergh\/wp-json\/wp\/v2\/pages\/834\/revisions"}],"predecessor-version":[{"id":2825,"href":"https:\/\/watercircles.no\/winterbergh\/wp-json\/wp\/v2\/pages\/834\/revisions\/2825"}],"up":[{"embeddable":true,"href":"https:\/\/watercircles.no\/winterbergh\/wp-json\/wp\/v2\/pages\/2986"}],"wp:featuredmedia":[{"embeddable":true,"href":"https:\/\/watercircles.no\/winterbergh\/wp-json\/wp\/v2\/media\/3409"}],"wp:attachment":[{"href":"https:\/\/watercircles.no\/winterbergh\/wp-json\/wp\/v2\/media?parent=834"}],"curies":[{"name":"wp","href":"https:\/\/api.w.org\/{rel}","templated":true}]}}